{"id":8577,"date":"2021-10-13T11:55:50","date_gmt":"2021-10-13T11:55:50","guid":{"rendered":"https:\/\/mygold.cloud\/new\/?page_id=8577"},"modified":"2025-11-20T16:59:39","modified_gmt":"2025-11-20T16:59:39","slug":"marrakech-excursions","status":"publish","type":"page","link":"https:\/\/travelplansmarrakech.com\/it\/marrakech-excursions\/","title":{"rendered":"Escursione"},"content":{"rendered":"<div data-elementor-type=\"wp-page\" data-elementor-id=\"8577\" class=\"elementor elementor-8577\" data-elementor-settings=\"{&quot;element_pack_global_tooltip_width&quot;:{&quot;unit&quot;:&quot;px&quot;,&quot;size&quot;:&quot;&quot;,&quot;sizes&quot;:[]},&quot;element_pack_global_tooltip_width_laptop&quot;:{&quot;unit&quot;:&quot;px&quot;,&quot;size&quot;:&quot;&quot;,&quot;sizes&quot;:[]},&quot;element_pack_global_tooltip_width_tablet_extra&quot;:{&quot;unit&quot;:&quot;px&quot;,&quot;size&quot;:&quot;&quot;,&quot;sizes&quot;:[]},&quot;element_pack_global_tooltip_width_tablet&quot;:{&quot;unit&quot;:&quot;px&quot;,&quot;size&quot;:&quot;&quot;,&quot;sizes&quot;:[]},&quot;element_pack_global_tooltip_width_mobile_extra&quot;:{&quot;unit&quot;:&quot;px&quot;,&quot;size&quot;:&quot;&quot;,&quot;sizes&quot;:[]},&quot;element_pack_global_tooltip_width_mobile&quot;:{&quot;unit&quot;:&quot;px&quot;,&quot;size&quot;:&quot;&quot;,&quot;sizes&quot;:[]},&quot;element_pack_global_tooltip_padding&quot;:{&quot;unit&quot;:&quot;px&quot;,&quot;top&quot;:&quot;&quot;,&quot;right&quot;:&quot;&quot;,&quot;bottom&quot;:&quot;&quot;,&quot;left&quot;:&quot;&quot;,&quot;isLinked&quot;:true},&quot;element_pack_global_tooltip_padding_laptop&quot;:{&quot;unit&quot;:&quot;px&quot;,&quot;top&quot;:&quot;&quot;,&quot;right&quot;:&quot;&quot;,&quot;bottom&quot;:&quot;&quot;,&quot;left&quot;:&quot;&quot;,&quot;isLinked&quot;:true},&quot;element_pack_global_tooltip_padding_tablet_extra&quot;:{&quot;unit&quot;:&quot;px&quot;,&quot;top&quot;:&quot;&quot;,&quot;right&quot;:&quot;&quot;,&quot;bottom&quot;:&quot;&quot;,&quot;left&quot;:&quot;&quot;,&quot;isLinked&quot;:true},&quot;element_pack_global_tooltip_padding_tablet&quot;:{&quot;unit&quot;:&quot;px&quot;,&quot;top&quot;:&quot;&quot;,&quot;right&quot;:&quot;&quot;,&quot;bottom&quot;:&quot;&quot;,&quot;left&quot;:&quot;&quot;,&quot;isLinked&quot;:true},&quot;element_pack_global_tooltip_padding_mobile_extra&quot;:{&quot;unit&quot;:&quot;px&quot;,&quot;top&quot;:&quot;&quot;,&quot;right&quot;:&quot;&quot;,&quot;bottom&quot;:&quot;&quot;,&quot;left&quot;:&quot;&quot;,&quot;isLinked&quot;:true},&quot;element_pack_global_tooltip_padding_mobile&quot;:{&quot;unit&quot;:&quot;px&quot;,&quot;top&quot;:&quot;&quot;,&quot;right&quot;:&quot;&quot;,&quot;bottom&quot;:&quot;&quot;,&quot;left&quot;:&quot;&quot;,&quot;isLinked&quot;:true},&quot;element_pack_global_tooltip_border_radius&quot;:{&quot;unit&quot;:&quot;px&quot;,&quot;top&quot;:&quot;&quot;,&quot;right&quot;:&quot;&quot;,&quot;bottom&quot;:&quot;&quot;,&quot;left&quot;:&quot;&quot;,&quot;isLinked&quot;:true},&quot;element_pack_global_tooltip_border_radius_laptop&quot;:{&quot;unit&quot;:&quot;px&quot;,&quot;top&quot;:&quot;&quot;,&quot;right&quot;:&quot;&quot;,&quot;bottom&quot;:&quot;&quot;,&quot;left&quot;:&quot;&quot;,&quot;isLinked&quot;:true},&quot;element_pack_global_tooltip_border_radius_tablet_extra&quot;:{&quot;unit&quot;:&quot;px&quot;,&quot;top&quot;:&quot;&quot;,&quot;right&quot;:&quot;&quot;,&quot;bottom&quot;:&quot;&quot;,&quot;left&quot;:&quot;&quot;,&quot;isLinked&quot;:true},&quot;element_pack_global_tooltip_border_radius_tablet&quot;:{&quot;unit&quot;:&quot;px&quot;,&quot;top&quot;:&quot;&quot;,&quot;right&quot;:&quot;&quot;,&quot;bottom&quot;:&quot;&quot;,&quot;left&quot;:&quot;&quot;,&quot;isLinked&quot;:true},&quot;element_pack_global_tooltip_border_radius_mobile_extra&quot;:{&quot;unit&quot;:&quot;px&quot;,&quot;top&quot;:&quot;&quot;,&quot;right&quot;:&quot;&quot;,&quot;bottom&quot;:&quot;&quot;,&quot;left&quot;:&quot;&quot;,&quot;isLinked&quot;:true},&quot;element_pack_global_tooltip_border_radius_mobile&quot;:{&quot;unit&quot;:&quot;px&quot;,&quot;top&quot;:&quot;&quot;,&quot;right&quot;:&quot;&quot;,&quot;bottom&quot;:&quot;&quot;,&quot;left&quot;:&quot;&quot;,&quot;isLinked&quot;:true}}\" data-elementor-post-type=\"page\">\n\t\t\t\t<div class=\"elementor-element elementor-element-bf103c7 e-flex e-con-boxed e-con e-parent\" data-id=\"bf103c7\" data-element_type=\"container\" data-e-type=\"container\">\n\t\t\t\t\t<div class=\"e-con-inner\">\n\t\t\t\t<div class=\"elementor-element elementor-element-948f5c6 elementor-ba-taxonomies-style-2 layout-special-yes elementor-widget-mobile__width-inherit elementor-widget__width-inherit elementor-widget elementor-widget-babe-taxonomies\" data-id=\"948f5c6\" data-element_type=\"widget\" data-e-type=\"widget\" data-widget_type=\"babe-taxonomies.default\">\n\t\t\t\t<div class=\"elementor-widget-container\">\n\t\t\t\t\t        <div class=\"elementor-ba-taxonomies-wrapper\">\n            <div class=\"d-grid\">\n                        <div class=\"grid-item\">\n            <div class=\"ba-tax-inner\">\n\n                <div class=\"thumbnail-tax\">\n                    <a href=\"https:\/\/travelplansmarrakech.com\/it\/ba_locations\/ouzoud\/\">\n                        <img decoding=\"async\" src=\"https:\/\/travelplansmarrakech.com\/wp-content\/uploads\/2026\/01\/Ouzoud-optimized.webp\" alt=\"Ouzoud\">\n                    <\/a>\n                <\/div>\n                <div class=\"content-tax\">\n                    <span class=\"tax-count\">1&nbsp;Tour<\/span>\n                    <h6 class=\"tax-name\">\n                        <a href=\"https:\/\/travelplansmarrakech.com\/it\/ba_locations\/ouzoud\/\">Ouzoud<\/a>\n                    <\/h6>\n                                    <\/div>\n            <\/div>\n        <\/div>\n                <div class=\"grid-item\">\n            <div class=\"ba-tax-inner\">\n\n                <div class=\"thumbnail-tax\">\n                    <a href=\"https:\/\/travelplansmarrakech.com\/it\/ba_locations\/marrakech\/\">\n                        <img decoding=\"async\" src=\"https:\/\/travelplansmarrakech.com\/wp-content\/uploads\/2026\/01\/1-4.webp.webp\" alt=\"Marrakech\">\n                    <\/a>\n                <\/div>\n                <div class=\"content-tax\">\n                    <span class=\"tax-count\">6&nbsp;Tours<\/span>\n                    <h6 class=\"tax-name\">\n                        <a href=\"https:\/\/travelplansmarrakech.com\/it\/ba_locations\/marrakech\/\">Marrakech<\/a>\n                    <\/h6>\n                                    <\/div>\n            <\/div>\n        <\/div>\n                <div class=\"grid-item\">\n            <div class=\"ba-tax-inner\">\n\n                <div class=\"thumbnail-tax\">\n                    <a href=\"https:\/\/travelplansmarrakech.com\/it\/ba_locations\/essaouira\/\">\n                        <img decoding=\"async\" src=\"https:\/\/travelplansmarrakech.com\/wp-content\/uploads\/2026\/01\/Essaouira-1.webp-1.webp\" alt=\"Essaouira\">\n                    <\/a>\n                <\/div>\n                <div class=\"content-tax\">\n                    <span class=\"tax-count\">1&nbsp;Tour<\/span>\n                    <h6 class=\"tax-name\">\n                        <a href=\"https:\/\/travelplansmarrakech.com\/it\/ba_locations\/essaouira\/\">Essaouira<\/a>\n                    <\/h6>\n                                    <\/div>\n            <\/div>\n        <\/div>\n                <div class=\"grid-item\">\n            <div class=\"ba-tax-inner\">\n\n                <div class=\"thumbnail-tax\">\n                    <a href=\"https:\/\/travelplansmarrakech.com\/it\/ba_locations\/desert\/\">\n                        <img decoding=\"async\" src=\"https:\/\/travelplansmarrakech.com\/wp-content\/uploads\/2026\/01\/1212.webp.webp\" alt=\"Deserto\">\n                    <\/a>\n                <\/div>\n                <div class=\"content-tax\">\n                    <span class=\"tax-count\">1&nbsp;Tour<\/span>\n                    <h6 class=\"tax-name\">\n                        <a href=\"https:\/\/travelplansmarrakech.com\/it\/ba_locations\/desert\/\">Deserto<\/a>\n                    <\/h6>\n                                    <\/div>\n            <\/div>\n        <\/div>\n                <div class=\"grid-item\">\n            <div class=\"ba-tax-inner\">\n\n                <div class=\"thumbnail-tax\">\n                    <a href=\"https:\/\/travelplansmarrakech.com\/it\/ba_locations\/atlas\/\">\n                        <img decoding=\"async\" src=\"https:\/\/travelplansmarrakech.com\/wp-content\/uploads\/2026\/01\/Atlas-2.webp-2.webp\" alt=\"Atlas\">\n                    <\/a>\n                <\/div>\n                <div class=\"content-tax\">\n                    <span class=\"tax-count\">4&nbsp;Tours<\/span>\n                    <h6 class=\"tax-name\">\n                        <a href=\"https:\/\/travelplansmarrakech.com\/it\/ba_locations\/atlas\/\">Atlas<\/a>\n                    <\/h6>\n                                    <\/div>\n            <\/div>\n        <\/div>\n                <div class=\"grid-item\">\n            <div class=\"ba-tax-inner\">\n\n                <div class=\"thumbnail-tax\">\n                    <a href=\"https:\/\/travelplansmarrakech.com\/it\/ba_locations\/agafay\/\">\n                        <img decoding=\"async\" src=\"https:\/\/travelplansmarrakech.com\/wp-content\/uploads\/2026\/01\/2-1.webp-1.webp\" alt=\"Agafay\">\n                    <\/a>\n                <\/div>\n                <div class=\"content-tax\">\n                    <span class=\"tax-count\">5&nbsp;Tours<\/span>\n                    <h6 class=\"tax-name\">\n                        <a href=\"https:\/\/travelplansmarrakech.com\/it\/ba_locations\/agafay\/\">Agafay<\/a>\n                    <\/h6>\n                                    <\/div>\n            <\/div>\n        <\/div>\n                    <\/div>\n        <\/div>\n                \t\t\t\t<\/div>\n\t\t\t\t<\/div>\n\t\t\t\t\t<\/div>\n\t\t\t\t<\/div>\n\t\t<div class=\"elementor-element elementor-element-097fefc e-flex e-con-boxed e-con e-parent\" data-id=\"097fefc\" data-element_type=\"container\" data-e-type=\"container\">\n\t\t\t\t\t<div class=\"e-con-inner\">\n\t\t<div class=\"elementor-element elementor-element-0ec59c3 e-con-full e-flex e-con e-child\" data-id=\"0ec59c3\" data-element_type=\"container\" data-e-type=\"container\" data-settings=\"{&quot;background_background&quot;:&quot;classic&quot;}\">\n\t\t\t\t<div class=\"elementor-element elementor-element-0f27e58 elementor-widget elementor-widget-heading\" data-id=\"0f27e58\" data-element_type=\"widget\" data-e-type=\"widget\" data-widget_type=\"heading.default\">\n\t\t\t\t<div class=\"elementor-widget-container\">\n\t\t\t\t\t<h2 class=\"elementor-heading-title elementor-size-default\">Scopri le nostre escursioni private a Marrakech<\/h2>\t\t\t\t<\/div>\n\t\t\t\t<\/div>\n\t\t\t\t<\/div>\n\t\t<div class=\"elementor-element elementor-element-0fdb9d2 e-con-full e-flex e-con e-child\" data-id=\"0fdb9d2\" data-element_type=\"container\" data-e-type=\"container\">\n\t\t\t\t<div class=\"elementor-element elementor-element-3711922 elementor-widget elementor-widget-text-editor\" data-id=\"3711922\" data-element_type=\"widget\" data-e-type=\"widget\" data-widget_type=\"text-editor.default\">\n\t\t\t\t<div class=\"elementor-widget-container\">\n\t\t\t\t\t\t\t\t\t<p style=\"text-align: center;\">Se desideri un modo personalizzato per esplorare il Marocco, le nostre <strong style=\"font-style: inherit;\">Escursioni private Marrakech<\/strong> sono un ottimo punto di partenza. Questa introduzione ti aiuter\u00e0 a scoprire il mondo speciale dei tour su misura. Qui creiamo ogni momento per adattarlo al tuo ritmo, ai tuoi interessi e alla tua idea del viaggio perfetto.<\/p><p style=\"font-style: inherit; font-weight: inherit; text-align: center;\">I nostri viaggi privati offrono esperienze indimenticabili. Puoi esplorare l\u2019energia vivace di Marrakech. Puoi anche goderti le valli tranquille, i deserti dorati e le splendide citt\u00e0 costiere.<\/p><p style=\"font-style: inherit; font-weight: inherit; text-align: center;\">Ogni escursione \u00e8 curata con attenzione per offrire il perfetto equilibrio tra comfort, scoperta e autenticit\u00e0. Con i nostri autisti professionisti e le nostre guide locali esperte, esplorerai il Marocco nel modo pi\u00f9 semplice e piacevole.<\/p><p style=\"font-style: inherit; font-weight: inherit; text-align: center;\">Dimentica gli autobus affollati o i tour frettolosi. Qui, ogni viaggio si adatta ai tuoi orari. Puoi goderti i paesaggi, la cultura e le gemme nascoste al tuo ritmo.<\/p><p style=\"font-style: inherit; font-weight: inherit; text-align: center;\">Ci\u00f2 che rende le nostre escursioni davvero speciali \u00e8 l\u2019attenzione che mettiamo in ogni dettaglio. Puoi scegliere una fuga tranquilla nelle montagne dell\u2019Atlante. Potresti preferire una giornata avventurosa nel deserto di Agafay.<\/p><p style=\"font-style: inherit; font-weight: inherit; text-align: center;\">Oppure potresti voler esplorare la cultura nei siti storici di Marrakech. Creiamo esperienze che mostrano il vero spirito del Marocco. Godrai di panorami mozzafiato, incontri significativi e momenti esclusivi che renderanno il tuo viaggio davvero memorabile.<\/p><p style=\"font-style: inherit; font-weight: inherit; text-align: center;\">Il nostro obiettivo \u00e8 semplice: offrire pi\u00f9 di un semplice tour. Vogliamo creare momenti che ricorderai.<\/p><p style=\"font-style: inherit; font-weight: inherit; text-align: center;\">Questo include la calorosa accoglienza delle comunit\u00e0 locali e la bellezza mozzafiato della natura marocchina. Esplora la nostra selezione di escursioni private, scegli l\u2019esperienza che ti ispira di pi\u00f9 e lascia a noi ogni dettaglio. La tua avventura marocchina personalizzata inizia qui.<\/p><p style=\"font-style: inherit; font-weight: inherit; text-align: center;\">\u00a0<\/p>\t\t\t\t\t\t\t\t<\/div>\n\t\t\t\t<\/div>\n\t\t\t\t<\/div>\n\t\t\t\t\t<\/div>\n\t\t\t\t<\/div>\n\t\t\t\t<\/div>","protected":false},"excerpt":{"rendered":"<p>1&nbsp;Tour Ouzoud 6&nbsp;Tours Marrakech 1&nbsp;Tour Essaouira 1&nbsp;Tour Desert 4&nbsp;Tours Atlas 5&nbsp;Tours Agafay Discover Our Private Excursions Marrakech If you want a personalized way to explore Morocco, our Private Excursions Marrakech are a great place to start. This introduction will help you explore the special world of custom tours. Here, we create every moment to match [&hellip;]<\/p>","protected":false},"author":1,"featured_media":10045,"parent":0,"menu_order":0,"comment_status":"closed","ping_status":"closed","template":"elementor_header_footer","meta":{"footnotes":""},"class_list":["post-8577","page","type-page","status-publish","has-post-thumbnail","hentry"],"yoast_head":"<!-- This site is optimized with the Yoast SEO plugin v27.3 - https:\/\/yoast.com\/product\/yoast-seo-wordpress\/ -->\n<title>Private Excursions Marrakech - Travel Plans Marrakech<\/title>\n<meta name=\"description\" content=\"Experience exclusive private excursions in Marrakech with Travel Plans Marrakech. Tailored adventures and local culture await.\" \/>\n<meta name=\"robots\" content=\"index, follow, max-snippet:-1, max-image-preview:large, max-video-preview:-1\" \/>\n<link rel=\"canonical\" href=\"https:\/\/travelplansmarrakech.com\/it\/marrakech-excursions\/\" \/>\n<meta property=\"og:locale\" content=\"it_IT\" \/>\n<meta property=\"og:type\" content=\"article\" \/>\n<meta property=\"og:title\" content=\"Marrakech excursions\" \/>\n<meta property=\"og:description\" content=\"TRAVEL PLANS MARRAKECH members are here to make it easy for you. you can find a combination of various excursions and tours according to the days you are staying or how hungry you are to the land of escape.\" \/>\n<meta property=\"og:url\" content=\"https:\/\/travelplansmarrakech.com\/it\/marrakech-excursions\/\" \/>\n<meta property=\"og:site_name\" content=\"Travel Plans Marrakech\" \/>\n<meta property=\"article:modified_time\" content=\"2025-11-20T16:59:39+00:00\" \/>\n<meta name=\"twitter:card\" content=\"summary_large_image\" \/>\n<meta name=\"twitter:title\" content=\"Marrakech excursions\" \/>\n<meta name=\"twitter:description\" content=\"TRAVEL PLANS MARRAKECH members are here to make it easy for you. you can find a combination of various excursions and tours according to the days you are staying or how hungry you are to the land of escape.\" \/>\n<meta name=\"twitter:label1\" content=\"Tempo di lettura stimato\" \/>\n\t<meta name=\"twitter:data1\" content=\"3 minuti\" \/>\n<script type=\"application\/ld+json\" class=\"yoast-schema-graph\">{\"@context\":\"https:\\\/\\\/schema.org\",\"@graph\":[{\"@type\":\"Article\",\"@id\":\"https:\\\/\\\/travelplansmarrakech.com\\\/marrakech-excursions\\\/#article\",\"isPartOf\":{\"@id\":\"https:\\\/\\\/travelplansmarrakech.com\\\/marrakech-excursions\\\/\"},\"author\":{\"name\":\"travelplansmarrakech\",\"@id\":\"https:\\\/\\\/travelplansmarrakech.com\\\/#\\\/schema\\\/person\\\/4b5c52c5fca4e2fb950647edc7d679b2\"},\"headline\":\"Excursions\",\"datePublished\":\"2021-10-13T11:55:50+00:00\",\"dateModified\":\"2025-11-20T16:59:39+00:00\",\"mainEntityOfPage\":{\"@id\":\"https:\\\/\\\/travelplansmarrakech.com\\\/marrakech-excursions\\\/\"},\"wordCount\":291,\"publisher\":{\"@id\":\"https:\\\/\\\/travelplansmarrakech.com\\\/#organization\"},\"image\":{\"@id\":\"https:\\\/\\\/travelplansmarrakech.com\\\/marrakech-excursions\\\/#primaryimage\"},\"thumbnailUrl\":\"\",\"inLanguage\":\"it-IT\"},{\"@type\":\"WebPage\",\"@id\":\"https:\\\/\\\/travelplansmarrakech.com\\\/marrakech-excursions\\\/\",\"url\":\"https:\\\/\\\/travelplansmarrakech.com\\\/marrakech-excursions\\\/\",\"name\":\"Private Excursions Marrakech - Travel Plans Marrakech\",\"isPartOf\":{\"@id\":\"https:\\\/\\\/travelplansmarrakech.com\\\/#website\"},\"primaryImageOfPage\":{\"@id\":\"https:\\\/\\\/travelplansmarrakech.com\\\/marrakech-excursions\\\/#primaryimage\"},\"image\":{\"@id\":\"https:\\\/\\\/travelplansmarrakech.com\\\/marrakech-excursions\\\/#primaryimage\"},\"thumbnailUrl\":\"\",\"datePublished\":\"2021-10-13T11:55:50+00:00\",\"dateModified\":\"2025-11-20T16:59:39+00:00\",\"description\":\"Experience exclusive private excursions in Marrakech with Travel Plans Marrakech. Tailored adventures and local culture await.\",\"breadcrumb\":{\"@id\":\"https:\\\/\\\/travelplansmarrakech.com\\\/marrakech-excursions\\\/#breadcrumb\"},\"inLanguage\":\"it-IT\",\"potentialAction\":[{\"@type\":\"ReadAction\",\"target\":[\"https:\\\/\\\/travelplansmarrakech.com\\\/marrakech-excursions\\\/\"]}]},{\"@type\":\"ImageObject\",\"inLanguage\":\"it-IT\",\"@id\":\"https:\\\/\\\/travelplansmarrakech.com\\\/marrakech-excursions\\\/#primaryimage\",\"url\":\"\",\"contentUrl\":\"\"},{\"@type\":\"BreadcrumbList\",\"@id\":\"https:\\\/\\\/travelplansmarrakech.com\\\/marrakech-excursions\\\/#breadcrumb\",\"itemListElement\":[{\"@type\":\"ListItem\",\"position\":1,\"name\":\"Home\",\"item\":\"https:\\\/\\\/travelplansmarrakech.com\\\/\"},{\"@type\":\"ListItem\",\"position\":2,\"name\":\"Excursions\"}]},{\"@type\":\"WebSite\",\"@id\":\"https:\\\/\\\/travelplansmarrakech.com\\\/#website\",\"url\":\"https:\\\/\\\/travelplansmarrakech.com\\\/\",\"name\":\"Travel Plans Marrakech\",\"description\":\"Travel Agency in Marrakech\",\"publisher\":{\"@id\":\"https:\\\/\\\/travelplansmarrakech.com\\\/#organization\"},\"potentialAction\":[{\"@type\":\"SearchAction\",\"target\":{\"@type\":\"EntryPoint\",\"urlTemplate\":\"https:\\\/\\\/travelplansmarrakech.com\\\/?s={search_term_string}\"},\"query-input\":{\"@type\":\"PropertyValueSpecification\",\"valueRequired\":true,\"valueName\":\"search_term_string\"}}],\"inLanguage\":\"it-IT\"},{\"@type\":\"Organization\",\"@id\":\"https:\\\/\\\/travelplansmarrakech.com\\\/#organization\",\"name\":\"Travel Plans Marrakech\",\"url\":\"https:\\\/\\\/travelplansmarrakech.com\\\/\",\"logo\":{\"@type\":\"ImageObject\",\"inLanguage\":\"it-IT\",\"@id\":\"https:\\\/\\\/travelplansmarrakech.com\\\/#\\\/schema\\\/logo\\\/image\\\/\",\"url\":\"https:\\\/\\\/travelplansmarrakech.com\\\/wp-content\\\/uploads\\\/2024\\\/10\\\/cropped-cropped-cropped-cropped-logo-1.png\",\"contentUrl\":\"https:\\\/\\\/travelplansmarrakech.com\\\/wp-content\\\/uploads\\\/2024\\\/10\\\/cropped-cropped-cropped-cropped-logo-1.png\",\"width\":100,\"height\":105,\"caption\":\"Travel Plans Marrakech\"},\"image\":{\"@id\":\"https:\\\/\\\/travelplansmarrakech.com\\\/#\\\/schema\\\/logo\\\/image\\\/\"}},{\"@type\":\"Person\",\"@id\":\"https:\\\/\\\/travelplansmarrakech.com\\\/#\\\/schema\\\/person\\\/4b5c52c5fca4e2fb950647edc7d679b2\",\"name\":\"travelplansmarrakech\",\"image\":{\"@type\":\"ImageObject\",\"inLanguage\":\"it-IT\",\"@id\":\"https:\\\/\\\/travelplansmarrakech.com\\\/wp-content\\\/litespeed\\\/avatar\\\/624f274393f44bdfeb3fad12f76cfb48.jpg?ver=1776091434\",\"url\":\"https:\\\/\\\/travelplansmarrakech.com\\\/wp-content\\\/litespeed\\\/avatar\\\/624f274393f44bdfeb3fad12f76cfb48.jpg?ver=1776091434\",\"contentUrl\":\"https:\\\/\\\/travelplansmarrakech.com\\\/wp-content\\\/litespeed\\\/avatar\\\/624f274393f44bdfeb3fad12f76cfb48.jpg?ver=1776091434\",\"caption\":\"travelplansmarrakech\"},\"sameAs\":[\"https:\\\/\\\/travelplansmarrakech.com\"],\"url\":\"https:\\\/\\\/travelplansmarrakech.com\\\/it\\\/author\\\/travelplansmarrakech\\\/\"}]}<\/script>\n<!-- \/ Yoast SEO plugin. -->","yoast_head_json":{"title":"Private Excursions Marrakech - Travel Plans Marrakech","description":"Experience exclusive private excursions in Marrakech with Travel Plans Marrakech. Tailored adventures and local culture await.","robots":{"index":"index","follow":"follow","max-snippet":"max-snippet:-1","max-image-preview":"max-image-preview:large","max-video-preview":"max-video-preview:-1"},"canonical":"https:\/\/travelplansmarrakech.com\/it\/marrakech-excursions\/","og_locale":"it_IT","og_type":"article","og_title":"Marrakech excursions","og_description":"TRAVEL PLANS MARRAKECH members are here to make it easy for you. you can find a combination of various excursions and tours according to the days you are staying or how hungry you are to the land of escape.","og_url":"https:\/\/travelplansmarrakech.com\/it\/marrakech-excursions\/","og_site_name":"Travel Plans Marrakech","article_modified_time":"2025-11-20T16:59:39+00:00","twitter_card":"summary_large_image","twitter_title":"Marrakech excursions","twitter_description":"TRAVEL PLANS MARRAKECH members are here to make it easy for you. you can find a combination of various excursions and tours according to the days you are staying or how hungry you are to the land of escape.","twitter_misc":{"Tempo di lettura stimato":"3 minuti"},"schema":{"@context":"https:\/\/schema.org","@graph":[{"@type":"Article","@id":"https:\/\/travelplansmarrakech.com\/marrakech-excursions\/#article","isPartOf":{"@id":"https:\/\/travelplansmarrakech.com\/marrakech-excursions\/"},"author":{"name":"travelplansmarrakech","@id":"https:\/\/travelplansmarrakech.com\/#\/schema\/person\/4b5c52c5fca4e2fb950647edc7d679b2"},"headline":"Excursions","datePublished":"2021-10-13T11:55:50+00:00","dateModified":"2025-11-20T16:59:39+00:00","mainEntityOfPage":{"@id":"https:\/\/travelplansmarrakech.com\/marrakech-excursions\/"},"wordCount":291,"publisher":{"@id":"https:\/\/travelplansmarrakech.com\/#organization"},"image":{"@id":"https:\/\/travelplansmarrakech.com\/marrakech-excursions\/#primaryimage"},"thumbnailUrl":"","inLanguage":"it-IT"},{"@type":"WebPage","@id":"https:\/\/travelplansmarrakech.com\/marrakech-excursions\/","url":"https:\/\/travelplansmarrakech.com\/marrakech-excursions\/","name":"Private Excursions Marrakech - Travel Plans Marrakech","isPartOf":{"@id":"https:\/\/travelplansmarrakech.com\/#website"},"primaryImageOfPage":{"@id":"https:\/\/travelplansmarrakech.com\/marrakech-excursions\/#primaryimage"},"image":{"@id":"https:\/\/travelplansmarrakech.com\/marrakech-excursions\/#primaryimage"},"thumbnailUrl":"","datePublished":"2021-10-13T11:55:50+00:00","dateModified":"2025-11-20T16:59:39+00:00","description":"Experience exclusive private excursions in Marrakech with Travel Plans Marrakech. Tailored adventures and local culture await.","breadcrumb":{"@id":"https:\/\/travelplansmarrakech.com\/marrakech-excursions\/#breadcrumb"},"inLanguage":"it-IT","potentialAction":[{"@type":"ReadAction","target":["https:\/\/travelplansmarrakech.com\/marrakech-excursions\/"]}]},{"@type":"ImageObject","inLanguage":"it-IT","@id":"https:\/\/travelplansmarrakech.com\/marrakech-excursions\/#primaryimage","url":"","contentUrl":""},{"@type":"BreadcrumbList","@id":"https:\/\/travelplansmarrakech.com\/marrakech-excursions\/#breadcrumb","itemListElement":[{"@type":"ListItem","position":1,"name":"Home","item":"https:\/\/travelplansmarrakech.com\/"},{"@type":"ListItem","position":2,"name":"Excursions"}]},{"@type":"WebSite","@id":"https:\/\/travelplansmarrakech.com\/#website","url":"https:\/\/travelplansmarrakech.com\/","name":"Travel Plans Marrakech","description":"Travel Agency in Marrakech","publisher":{"@id":"https:\/\/travelplansmarrakech.com\/#organization"},"potentialAction":[{"@type":"SearchAction","target":{"@type":"EntryPoint","urlTemplate":"https:\/\/travelplansmarrakech.com\/?s={search_term_string}"},"query-input":{"@type":"PropertyValueSpecification","valueRequired":true,"valueName":"search_term_string"}}],"inLanguage":"it-IT"},{"@type":"Organization","@id":"https:\/\/travelplansmarrakech.com\/#organization","name":"Travel Plans Marrakech","url":"https:\/\/travelplansmarrakech.com\/","logo":{"@type":"ImageObject","inLanguage":"it-IT","@id":"https:\/\/travelplansmarrakech.com\/#\/schema\/logo\/image\/","url":"https:\/\/travelplansmarrakech.com\/wp-content\/uploads\/2024\/10\/cropped-cropped-cropped-cropped-logo-1.png","contentUrl":"https:\/\/travelplansmarrakech.com\/wp-content\/uploads\/2024\/10\/cropped-cropped-cropped-cropped-logo-1.png","width":100,"height":105,"caption":"Travel Plans Marrakech"},"image":{"@id":"https:\/\/travelplansmarrakech.com\/#\/schema\/logo\/image\/"}},{"@type":"Person","@id":"https:\/\/travelplansmarrakech.com\/#\/schema\/person\/4b5c52c5fca4e2fb950647edc7d679b2","name":"travelplansmarrakech","image":{"@type":"ImageObject","inLanguage":"it-IT","@id":"https:\/\/travelplansmarrakech.com\/wp-content\/litespeed\/avatar\/624f274393f44bdfeb3fad12f76cfb48.jpg?ver=1776091434","url":"https:\/\/travelplansmarrakech.com\/wp-content\/litespeed\/avatar\/624f274393f44bdfeb3fad12f76cfb48.jpg?ver=1776091434","contentUrl":"https:\/\/travelplansmarrakech.com\/wp-content\/litespeed\/avatar\/624f274393f44bdfeb3fad12f76cfb48.jpg?ver=1776091434","caption":"travelplansmarrakech"},"sameAs":["https:\/\/travelplansmarrakech.com"],"url":"https:\/\/travelplansmarrakech.com\/it\/author\/travelplansmarrakech\/"}]}},"_links":{"self":[{"href":"https:\/\/travelplansmarrakech.com\/it\/wp-json\/wp\/v2\/pages\/8577","targetHints":{"allow":["GET"]}}],"collection":[{"href":"https:\/\/travelplansmarrakech.com\/it\/wp-json\/wp\/v2\/pages"}],"about":[{"href":"https:\/\/travelplansmarrakech.com\/it\/wp-json\/wp\/v2\/types\/page"}],"author":[{"embeddable":true,"href":"https:\/\/travelplansmarrakech.com\/it\/wp-json\/wp\/v2\/users\/1"}],"replies":[{"embeddable":true,"href":"https:\/\/travelplansmarrakech.com\/it\/wp-json\/wp\/v2\/comments?post=8577"}],"version-history":[{"count":0,"href":"https:\/\/travelplansmarrakech.com\/it\/wp-json\/wp\/v2\/pages\/8577\/revisions"}],"wp:featuredmedia":[{"embeddable":true,"href":"https:\/\/travelplansmarrakech.com\/it\/wp-json\/"}],"wp:attachment":[{"href":"https:\/\/travelplansmarrakech.com\/it\/wp-json\/wp\/v2\/media?parent=8577"}],"curies":[{"name":"wp","href":"https:\/\/api.w.org\/{rel}","templated":true}]}}