{"id":44,"date":"2024-07-24T10:15:19","date_gmt":"2024-07-24T10:15:19","guid":{"rendered":"https:\/\/demo2wpopal.b-cdn.net\/havezic\/?page_id=44"},"modified":"2025-09-27T15:46:37","modified_gmt":"2025-09-27T15:46:37","slug":"contact-us","status":"publish","type":"page","link":"https:\/\/travelplansmarrakech.com\/fr\/contactez-nous\/","title":{"rendered":"Contactez-nous"},"content":{"rendered":"<div data-elementor-type=\"wp-page\" data-elementor-id=\"44\" class=\"elementor elementor-44\" data-elementor-settings=\"{&quot;element_pack_global_tooltip_width&quot;:{&quot;unit&quot;:&quot;px&quot;,&quot;size&quot;:&quot;&quot;,&quot;sizes&quot;:[]},&quot;element_pack_global_tooltip_width_laptop&quot;:{&quot;unit&quot;:&quot;px&quot;,&quot;size&quot;:&quot;&quot;,&quot;sizes&quot;:[]},&quot;element_pack_global_tooltip_width_tablet_extra&quot;:{&quot;unit&quot;:&quot;px&quot;,&quot;size&quot;:&quot;&quot;,&quot;sizes&quot;:[]},&quot;element_pack_global_tooltip_width_tablet&quot;:{&quot;unit&quot;:&quot;px&quot;,&quot;size&quot;:&quot;&quot;,&quot;sizes&quot;:[]},&quot;element_pack_global_tooltip_width_mobile_extra&quot;:{&quot;unit&quot;:&quot;px&quot;,&quot;size&quot;:&quot;&quot;,&quot;sizes&quot;:[]},&quot;element_pack_global_tooltip_width_mobile&quot;:{&quot;unit&quot;:&quot;px&quot;,&quot;size&quot;:&quot;&quot;,&quot;sizes&quot;:[]},&quot;element_pack_global_tooltip_padding&quot;:{&quot;unit&quot;:&quot;px&quot;,&quot;top&quot;:&quot;&quot;,&quot;right&quot;:&quot;&quot;,&quot;bottom&quot;:&quot;&quot;,&quot;left&quot;:&quot;&quot;,&quot;isLinked&quot;:true},&quot;element_pack_global_tooltip_padding_laptop&quot;:{&quot;unit&quot;:&quot;px&quot;,&quot;top&quot;:&quot;&quot;,&quot;right&quot;:&quot;&quot;,&quot;bottom&quot;:&quot;&quot;,&quot;left&quot;:&quot;&quot;,&quot;isLinked&quot;:true},&quot;element_pack_global_tooltip_padding_tablet_extra&quot;:{&quot;unit&quot;:&quot;px&quot;,&quot;top&quot;:&quot;&quot;,&quot;right&quot;:&quot;&quot;,&quot;bottom&quot;:&quot;&quot;,&quot;left&quot;:&quot;&quot;,&quot;isLinked&quot;:true},&quot;element_pack_global_tooltip_padding_tablet&quot;:{&quot;unit&quot;:&quot;px&quot;,&quot;top&quot;:&quot;&quot;,&quot;right&quot;:&quot;&quot;,&quot;bottom&quot;:&quot;&quot;,&quot;left&quot;:&quot;&quot;,&quot;isLinked&quot;:true},&quot;element_pack_global_tooltip_padding_mobile_extra&quot;:{&quot;unit&quot;:&quot;px&quot;,&quot;top&quot;:&quot;&quot;,&quot;right&quot;:&quot;&quot;,&quot;bottom&quot;:&quot;&quot;,&quot;left&quot;:&quot;&quot;,&quot;isLinked&quot;:true},&quot;element_pack_global_tooltip_padding_mobile&quot;:{&quot;unit&quot;:&quot;px&quot;,&quot;top&quot;:&quot;&quot;,&quot;right&quot;:&quot;&quot;,&quot;bottom&quot;:&quot;&quot;,&quot;left&quot;:&quot;&quot;,&quot;isLinked&quot;:true},&quot;element_pack_global_tooltip_border_radius&quot;:{&quot;unit&quot;:&quot;px&quot;,&quot;top&quot;:&quot;&quot;,&quot;right&quot;:&quot;&quot;,&quot;bottom&quot;:&quot;&quot;,&quot;left&quot;:&quot;&quot;,&quot;isLinked&quot;:true},&quot;element_pack_global_tooltip_border_radius_laptop&quot;:{&quot;unit&quot;:&quot;px&quot;,&quot;top&quot;:&quot;&quot;,&quot;right&quot;:&quot;&quot;,&quot;bottom&quot;:&quot;&quot;,&quot;left&quot;:&quot;&quot;,&quot;isLinked&quot;:true},&quot;element_pack_global_tooltip_border_radius_tablet_extra&quot;:{&quot;unit&quot;:&quot;px&quot;,&quot;top&quot;:&quot;&quot;,&quot;right&quot;:&quot;&quot;,&quot;bottom&quot;:&quot;&quot;,&quot;left&quot;:&quot;&quot;,&quot;isLinked&quot;:true},&quot;element_pack_global_tooltip_border_radius_tablet&quot;:{&quot;unit&quot;:&quot;px&quot;,&quot;top&quot;:&quot;&quot;,&quot;right&quot;:&quot;&quot;,&quot;bottom&quot;:&quot;&quot;,&quot;left&quot;:&quot;&quot;,&quot;isLinked&quot;:true},&quot;element_pack_global_tooltip_border_radius_mobile_extra&quot;:{&quot;unit&quot;:&quot;px&quot;,&quot;top&quot;:&quot;&quot;,&quot;right&quot;:&quot;&quot;,&quot;bottom&quot;:&quot;&quot;,&quot;left&quot;:&quot;&quot;,&quot;isLinked&quot;:true},&quot;element_pack_global_tooltip_border_radius_mobile&quot;:{&quot;unit&quot;:&quot;px&quot;,&quot;top&quot;:&quot;&quot;,&quot;right&quot;:&quot;&quot;,&quot;bottom&quot;:&quot;&quot;,&quot;left&quot;:&quot;&quot;,&quot;isLinked&quot;:true}}\" data-elementor-post-type=\"page\">\n\t\t\t\t<div class=\"elementor-element elementor-element-f3d99fb e-flex e-con-boxed e-con e-parent\" data-id=\"f3d99fb\" data-element_type=\"container\" data-e-type=\"container\" data-settings=\"{&quot;background_background&quot;:&quot;classic&quot;}\">\n\t\t\t\t\t<div class=\"e-con-inner\">\n\t\t\t\t<div class=\"elementor-element elementor-element-4ecacb8 elementor-widget elementor-widget-heading\" data-id=\"4ecacb8\" data-element_type=\"widget\" data-e-type=\"widget\" data-widget_type=\"heading.default\">\n\t\t\t\t<div class=\"elementor-widget-container\">\n\t\t\t\t\t<h3 class=\"elementor-heading-title elementor-size-default\">Vous avez une question ? Contactez-nous !<\/h3>\t\t\t\t<\/div>\n\t\t\t\t<\/div>\n\t\t\t\t<div class=\"elementor-element elementor-element-16b35a8 elementor-widget__width-initial elementor-widget-mobile__width-inherit elementor-widget elementor-widget-text-editor\" data-id=\"16b35a8\" data-element_type=\"widget\" data-e-type=\"widget\" data-widget_type=\"text-editor.default\">\n\t\t\t\t<div class=\"elementor-widget-container\">\n\t\t\t\t\t\t\t\t\t<p><strong>Un \u00e9v\u00e9nement, une f\u00eate, un mariage \u2013 Voyagez avec style<\/strong><\/p><p>Que vous organisiez un mariage, un anniversaire, un \u00e9v\u00e9nement d\u2019entreprise ou une conf\u00e9rence, <strong data-start=\"787\" data-end=\"821\">contactez Travel Plans Marrakech<\/strong> pour vous assurer que votre journ\u00e9e sp\u00e9ciale se d\u00e9roule sans accroc. Nous proposons des <strong data-start=\"875\" data-end=\"908\">transports de luxe \u00e0 Marrakech<\/strong> avec des voitures priv\u00e9es et des chauffeurs professionnels, afin que vos invit\u00e9s puissent profiter d\u2019un trajet confortable, ponctuel et \u00e9l\u00e9gant.<\/p><p><strong>Transferts pour mariages et r\u00e9ceptions<\/strong><\/p><p><strong>Un mariage est l\u2019une des c\u00e9l\u00e9brations les plus importantes de la vie, et une organisation parfaite est essentielle. Avec TRAVEL PLANS MARRAKECH<\/strong>, you can count on <strong>premium transfer services<\/strong> , vous pouvez compter sur des services de transfert premium entre le lieu de la c\u00e9r\u00e9monie, les h\u00f4tels et la r\u00e9ception. Nos v\u00e9hicules \u00e9l\u00e9gants et nos chauffeurs professionnels garantissent des trajets fluides afin que vous puissiez vous concentrer enti\u00e8rement sur le plaisir de votre journ\u00e9e.<\/p><p><strong>Pour les wedding planners et organisateurs d\u2019\u00e9v\u00e9nements<\/strong><\/p><p><strong>Vous \u00eates wedding planner ou organisateur d\u2019\u00e9v\u00e9nements ? Nous proposons des services de transport sur mesure pour vos \u00e9v\u00e9nements,<\/strong> avec un ou plusieurs v\u00e9hicules et des chauffeurs exp\u00e9riment\u00e9s disponibles <strong>24\/7<\/strong>Nous adaptons nos services \u00e0 votre planning, au nombre d\u2019invit\u00e9s et \u00e0 vos exigences sp\u00e9cifiques, offrant ainsi \u00e0 vos clients une exp\u00e9rience de voyage sans faille.<\/p><p><strong>Confort, s\u00e9curit\u00e9 et hospitalit\u00e9 marocaine<\/strong><\/p><p><strong>Pour plus de commodit\u00e9, TRAVEL PLANS MARRAKECH<\/strong> peut organiser des transferts directement depuis des r\u00e9sidences priv\u00e9es, des h\u00f4tels ou m\u00eame l\u2019a\u00e9roport. Tous nos v\u00e9hicules sont modernes, climatis\u00e9s et parfaitement entretenus pour garantir un trajet s\u00fbr et agr\u00e9able.<\/p><p><strong>Bien plus que du transport pour \u00e9v\u00e9nements<\/strong><\/p><p><strong>Au-del\u00e0 des \u00e9v\u00e9nements, nous proposons \u00e9galement des excursions depuis Marrakech<\/strong>, la location de v\u00e9hicules de luxe et des circuits sur mesure \u00e0 travers le Maroc. Que vous souhaitiez explorer Marrakech, les montagnes de l\u2019Atlas, le d\u00e9sert d\u2019Agafay ou la c\u00f4te Atlantique, notre \u00e9quipe concevra pour vous une exp\u00e9rience inoubliable.<\/p><p><strong>Contactez-nous d\u00e8s aujourd\u2019hui<\/strong><\/p><p><strong>Pour plus d\u2019informations, un devis personnalis\u00e9 gratuit ou pour r\u00e9server votre prochain voyage, contactez simplement Travel Plans Marrakech<\/strong> par t\u00e9l\u00e9phone, email, WhatsApp ou via notre formulaire de contact en ligne. Nous serons ravis de rendre votre \u00e9v\u00e9nement et votre voyage \u00e0 travers le Maroc exceptionnels.<\/p>\t\t\t\t\t\t\t\t<\/div>\n\t\t\t\t<\/div>\n\t\t<div class=\"elementor-element elementor-element-0fe4fab e-flex e-con-boxed e-con e-child\" data-id=\"0fe4fab\" data-element_type=\"container\" data-e-type=\"container\">\n\t\t\t\t\t<div class=\"e-con-inner\">\n\t\t<div class=\"elementor-element elementor-element-772383f e-con-full e-flex e-con e-child\" data-id=\"772383f\" data-element_type=\"container\" data-e-type=\"container\">\n\t\t\t\t<div class=\"elementor-element elementor-element-efdb9c5 elementor-widget elementor-widget-heading\" data-id=\"efdb9c5\" data-element_type=\"widget\" data-e-type=\"widget\" data-widget_type=\"heading.default\">\n\t\t\t\t<div class=\"elementor-widget-container\">\n\t\t\t\t\t<h5 class=\"elementor-heading-title elementor-size-default\">Entrer en contact<\/h5>\t\t\t\t<\/div>\n\t\t\t\t<\/div>\n\t\t\t\t<div class=\"elementor-element elementor-element-17e6595 elementor-widget elementor-widget-text-editor\" data-id=\"17e6595\" data-element_type=\"widget\" data-e-type=\"widget\" data-widget_type=\"text-editor.default\">\n\t\t\t\t<div class=\"elementor-widget-container\">\n\t\t\t\t\t\t\t\t\tVotre adresse email ne sera pas publi\u00e9e. Les champs obligatoires sont marqu\u00e9s *\t\t\t\t\t\t\t\t<\/div>\n\t\t\t\t<\/div>\n\t\t\t\t<div class=\"elementor-element elementor-element-5b1e361 elementor-widget elementor-widget-havezic-contactform\" data-id=\"5b1e361\" data-element_type=\"widget\" data-e-type=\"widget\" data-widget_type=\"havezic-contactform.default\">\n\t\t\t\t<div class=\"elementor-widget-container\">\n\t\t\t\t\t\n<div class=\"wpcf7 no-js\" id=\"wpcf7-f13370-o1\" lang=\"en-US\" dir=\"ltr\" data-wpcf7-id=\"13370\">\n<div class=\"screen-reader-response\"><p role=\"status\" aria-live=\"polite\" aria-atomic=\"true\"><\/p> <ul><\/ul><\/div>\n<form action=\"\/fr\/wp-json\/wp\/v2\/pages\/44#wpcf7-f13370-o1\" method=\"post\" class=\"wpcf7-form init\" aria-label=\"Contact form\" novalidate=\"novalidate\" data-status=\"init\" data-trp-original-action=\"\/fr\/wp-json\/wp\/v2\/pages\/44#wpcf7-f13370-o1\">\n<fieldset class=\"hidden-fields-container\"><input type=\"hidden\" name=\"_wpcf7\" value=\"13370\" \/><input type=\"hidden\" name=\"_wpcf7_version\" value=\"6.1.5\" \/><input type=\"hidden\" name=\"_wpcf7_locale\" value=\"en_US\" \/><input type=\"hidden\" name=\"_wpcf7_unit_tag\" value=\"wpcf7-f13370-o1\" \/><input type=\"hidden\" name=\"_wpcf7_container_post\" value=\"0\" \/><input type=\"hidden\" name=\"_wpcf7_posted_data_hash\" value=\"\" \/>\n<\/fieldset>\n<p><label> Your name<br \/>\n<span class=\"wpcf7-form-control-wrap\" data-name=\"your-name\"><input size=\"40\" maxlength=\"400\" class=\"wpcf7-form-control wpcf7-text wpcf7-validates-as-required\" autocomplete=\"name\" aria-required=\"true\" aria-invalid=\"false\" value=\"\" type=\"text\" name=\"your-name\" \/><\/span> <\/label>\n<\/p>\n<p><label> Your email<br \/>\n<span class=\"wpcf7-form-control-wrap\" data-name=\"your-email\"><input size=\"40\" maxlength=\"400\" class=\"wpcf7-form-control wpcf7-email wpcf7-validates-as-required wpcf7-text wpcf7-validates-as-email\" autocomplete=\"email\" aria-required=\"true\" aria-invalid=\"false\" value=\"\" type=\"email\" name=\"your-email\" \/><\/span> <\/label>\n<\/p>\n<p><label> Subject<br \/>\n<span class=\"wpcf7-form-control-wrap\" data-name=\"your-subject\"><input size=\"40\" maxlength=\"400\" class=\"wpcf7-form-control wpcf7-text wpcf7-validates-as-required\" aria-required=\"true\" aria-invalid=\"false\" value=\"\" type=\"text\" name=\"your-subject\" \/><\/span> <\/label>\n<\/p>\n<p><label> Your message (optional)<br \/>\n<span class=\"wpcf7-form-control-wrap\" data-name=\"your-message\"><textarea cols=\"40\" rows=\"10\" maxlength=\"2000\" class=\"wpcf7-form-control wpcf7-textarea\" aria-invalid=\"false\" name=\"your-message\"><\/textarea><\/span> <\/label>\n<\/p>\n<p><input class=\"wpcf7-form-control wpcf7-submit has-spinner\" type=\"submit\" value=\"Soumettre\" \/>\n<\/p><input type='hidden' class='wpcf7-pum' value='{\"closepopup\":false,\"closedelay\":0,\"openpopup\":false,\"openpopup_id\":0}' \/><div class=\"wpcf7-response-output\" aria-hidden=\"true\"><\/div>\n<input type=\"hidden\" name=\"trp-form-language\" value=\"fr\"\/><\/form>\n<\/div>\n\t\t\t\t<\/div>\n\t\t\t\t<\/div>\n\t\t\t\t<\/div>\n\t\t<div class=\"elementor-element elementor-element-cb9903d e-con-full e-flex e-con e-child\" data-id=\"cb9903d\" data-element_type=\"container\" data-e-type=\"container\">\n\t\t\t\t<div class=\"elementor-element elementor-element-867de17 elementor-position-inline-start elementor-view-framed icon-box-style-havezic-yes elementor-shape-circle elementor-mobile-position-block-start elementor-widget elementor-widget-icon-box\" data-id=\"867de17\" data-element_type=\"widget\" data-e-type=\"widget\" data-widget_type=\"icon-box.default\">\n\t\t\t\t<div class=\"elementor-widget-container\">\n\t\t\t\t\t\t\t<div class=\"elementor-icon-box-wrapper\">\n\n\t\t\t\t\t\t<div class=\"elementor-icon-box-icon\">\n\t\t\t\t<span  class=\"elementor-icon\">\n\t\t\t\t<i aria-hidden=\"true\" class=\"havezic-icon- havezic-icon-mail-send-line\"><\/i>\t\t\t\t<\/span>\n\t\t\t<\/div>\n\t\t\t\n\t\t\t\t\t\t<div class=\"elementor-icon-box-content\">\n\n\t\t\t\t\t\t\t\t\t<h6 class=\"elementor-icon-box-title\">\n\t\t\t\t\t\t<span  >\n\t\t\t\t\t\t\tContactez-nous\t\t\t\t\t\t<\/span>\n\t\t\t\t\t<\/h6>\n\t\t\t\t\n\t\t\t\t\t\t\t\t\t<p class=\"elementor-icon-box-description\">\n\t\t\t\t\t\tT\u00e9l\u00e9phone \/ Fax: <span class=\"color-primary\" style=\"font-weight:600\">+212 5 24 32 66 88<\/span><br>\nMobile: <span class=\"color-primary\" style=\"font-weight:600\">+212 6 08 85 10 10<\/span><br>\nWhatsApp: <span class=\"color-primary\" style=\"font-weight:600\">+212 6 08 87 20 20<\/span><br>\nEmail: <span class=\"color-primary\" style=\"font-weight:600\">travelplansmarrakech@gmail.com<\/span><br>\t\t\t\t\t<\/p>\n\t\t\t\t\n\t\t\t<\/div>\n\t\t\t\n\t\t<\/div>\n\t\t\t\t\t\t<\/div>\n\t\t\t\t<\/div>\n\t\t\t\t<div class=\"elementor-element elementor-element-b723d13 elementor-widget-divider--view-line elementor-widget elementor-widget-divider\" data-id=\"b723d13\" data-element_type=\"widget\" data-e-type=\"widget\" data-widget_type=\"divider.default\">\n\t\t\t\t<div class=\"elementor-widget-container\">\n\t\t\t\t\t\t\t<div class=\"elementor-divider\">\n\t\t\t<span class=\"elementor-divider-separator\">\n\t\t\t\t\t\t<\/span>\n\t\t<\/div>\n\t\t\t\t\t\t<\/div>\n\t\t\t\t<\/div>\n\t\t\t\t<div class=\"elementor-element elementor-element-b9ce72f elementor-view-framed elementor-position-inline-start icon-box-style-havezic-yes elementor-shape-circle elementor-mobile-position-block-start elementor-widget elementor-widget-icon-box\" data-id=\"b9ce72f\" data-element_type=\"widget\" data-e-type=\"widget\" data-widget_type=\"icon-box.default\">\n\t\t\t\t<div class=\"elementor-widget-container\">\n\t\t\t\t\t\t\t<div class=\"elementor-icon-box-wrapper\">\n\n\t\t\t\t\t\t<div class=\"elementor-icon-box-icon\">\n\t\t\t\t<span  class=\"elementor-icon\">\n\t\t\t\t<i aria-hidden=\"true\" class=\"havezic-icon- havezic-icon-time-line\"><\/i>\t\t\t\t<\/span>\n\t\t\t<\/div>\n\t\t\t\n\t\t\t\t\t\t<div class=\"elementor-icon-box-content\">\n\n\t\t\t\t\t\t\t\t\t<h6 class=\"elementor-icon-box-title\">\n\t\t\t\t\t\t<span  >\n\t\t\t\t\t\t\tHoraires d'ouverture\t\t\t\t\t\t<\/span>\n\t\t\t\t\t<\/h6>\n\t\t\t\t\n\t\t\t\t\t\t\t\t\t<p class=\"elementor-icon-box-description\">\n\t\t\t\t\t\tMon - Sat: 9.00 am - 8.00 pm<br>\nSunday: 9.00 am - 6.00 pm\t\t\t\t\t<\/p>\n\t\t\t\t\n\t\t\t<\/div>\n\t\t\t\n\t\t<\/div>\n\t\t\t\t\t\t<\/div>\n\t\t\t\t<\/div>\n\t\t\t\t<div class=\"elementor-element elementor-element-8a7d13a elementor-widget-divider--view-line elementor-widget elementor-widget-divider\" data-id=\"8a7d13a\" data-element_type=\"widget\" data-e-type=\"widget\" data-widget_type=\"divider.default\">\n\t\t\t\t<div class=\"elementor-widget-container\">\n\t\t\t\t\t\t\t<div class=\"elementor-divider\">\n\t\t\t<span class=\"elementor-divider-separator\">\n\t\t\t\t\t\t<\/span>\n\t\t<\/div>\n\t\t\t\t\t\t<\/div>\n\t\t\t\t<\/div>\n\t\t\t\t<div class=\"elementor-element elementor-element-52e4edd elementor-view-framed elementor-position-inline-start icon-box-style-havezic-yes elementor-shape-circle elementor-mobile-position-block-start elementor-widget elementor-widget-icon-box\" data-id=\"52e4edd\" data-element_type=\"widget\" data-e-type=\"widget\" data-widget_type=\"icon-box.default\">\n\t\t\t\t<div class=\"elementor-widget-container\">\n\t\t\t\t\t\t\t<div class=\"elementor-icon-box-wrapper\">\n\n\t\t\t\t\t\t<div class=\"elementor-icon-box-icon\">\n\t\t\t\t<span  class=\"elementor-icon\">\n\t\t\t\t<i aria-hidden=\"true\" class=\"havezic-icon- havezic-icon-map-pin-line\"><\/i>\t\t\t\t<\/span>\n\t\t\t<\/div>\n\t\t\t\n\t\t\t\t\t\t<div class=\"elementor-icon-box-content\">\n\n\t\t\t\t\t\t\t\t\t<h6 class=\"elementor-icon-box-title\">\n\t\t\t\t\t\t<span  >\n\t\t\t\t\t\t\tNotre bureau\t\t\t\t\t\t<\/span>\n\t\t\t\t\t<\/h6>\n\t\t\t\t\n\t\t\t\t\t\t\t\t\t<p class=\"elementor-icon-box-description\">\n\t\t\t\t\t\t13 bis talaint ain itti nakhil nord\u060c 40060 Marrakech\t\t\t\t\t<\/p>\n\t\t\t\t\n\t\t\t<\/div>\n\t\t\t\n\t\t<\/div>\n\t\t\t\t\t\t<\/div>\n\t\t\t\t<\/div>\n\t\t\t\t<\/div>\n\t\t\t\t\t<\/div>\n\t\t\t\t<\/div>\n\t\t\t\t<div class=\"elementor-element elementor-element-e92e5c3 elementor-widget elementor-widget-google_maps\" data-id=\"e92e5c3\" data-element_type=\"widget\" data-e-type=\"widget\" data-widget_type=\"google_maps.default\">\n\t\t\t\t<div class=\"elementor-widget-container\">\n\t\t\t\t\t\t\t<div class=\"elementor-custom-embed\">\n\t\t\t<iframe loading=\"lazy\"\n\t\t\t\t\tsrc=\"https:\/\/maps.google.com\/maps?q=13%20bis%20talaint%20ain%20itti%20nakhil%20nord%D8%8C%2040060&#038;t=m&#038;z=10&#038;output=embed&#038;iwloc=near\"\n\t\t\t\t\ttitle=\"13 bis talaint ain itti nakhil nord\u060c 40060\"\n\t\t\t\t\taria-label=\"13 bis talaint ain itti nakhil nord\u060c 40060\"\n\t\t\t><\/iframe>\n\t\t<\/div>\n\t\t\t\t\t\t<\/div>\n\t\t\t\t<\/div>\n\t\t\t\t\t<\/div>\n\t\t\t\t<\/div>\n\t\t\t\t<\/div>","protected":false},"excerpt":{"rendered":"<p>Have a Question? Contact Us! An Event, a Party, a Wedding \u2013 Travel in Style Whether you are planning a wedding, a birthday, a corporate event, or a conference, contact Travel Plans Marrakech to ensure your special day runs smoothly. We provide luxury transport in Marrakech with private cars and professional drivers, so your guests [&hellip;]<\/p>","protected":false},"author":1,"featured_media":0,"parent":0,"menu_order":0,"comment_status":"closed","ping_status":"closed","template":"template-homepage.php","meta":{"footnotes":""},"class_list":["post-44","page","type-page","status-publish","hentry"],"yoast_head":"<!-- This site is optimized with the Yoast SEO plugin v27.3 - https:\/\/yoast.com\/product\/yoast-seo-wordpress\/ -->\n<title>Contact Us - Travel Plans Marrakech<\/title>\n<meta name=\"description\" content=\"Contact Travel Plans Marrakech for personalized travel assistance, bookings, and inquiries. We&#039;re here to make your experience unforgettable!\" \/>\n<meta name=\"robots\" content=\"index, follow, max-snippet:-1, max-image-preview:large, max-video-preview:-1\" \/>\n<link rel=\"canonical\" href=\"https:\/\/travelplansmarrakech.com\/fr\/contactez-nous\/\" \/>\n<meta property=\"og:locale\" content=\"fr_FR\" \/>\n<meta property=\"og:type\" content=\"article\" \/>\n<meta property=\"og:title\" content=\"Contact Us - Travel Plans Marrakech\" \/>\n<meta property=\"og:description\" content=\"Contact Travel Plans Marrakech for personalized travel assistance, bookings, and inquiries. We&#039;re here to make your experience unforgettable!\" \/>\n<meta property=\"og:url\" content=\"https:\/\/travelplansmarrakech.com\/fr\/contactez-nous\/\" \/>\n<meta property=\"og:site_name\" content=\"Travel Plans Marrakech\" \/>\n<meta property=\"article:modified_time\" content=\"2025-09-27T15:46:37+00:00\" \/>\n<meta name=\"twitter:card\" content=\"summary_large_image\" \/>\n<meta name=\"twitter:label1\" content=\"Dur\u00e9e de lecture estim\u00e9e\" \/>\n\t<meta name=\"twitter:data1\" content=\"2 minutes\" \/>\n<script type=\"application\/ld+json\" class=\"yoast-schema-graph\">{\"@context\":\"https:\\\/\\\/schema.org\",\"@graph\":[{\"@type\":\"WebPage\",\"@id\":\"https:\\\/\\\/travelplansmarrakech.com\\\/contact-us\\\/\",\"url\":\"https:\\\/\\\/travelplansmarrakech.com\\\/contact-us\\\/\",\"name\":\"Contact Us - Travel Plans Marrakech\",\"isPartOf\":{\"@id\":\"https:\\\/\\\/travelplansmarrakech.com\\\/#website\"},\"datePublished\":\"2024-07-24T10:15:19+00:00\",\"dateModified\":\"2025-09-27T15:46:37+00:00\",\"description\":\"Contact Travel Plans Marrakech for personalized travel assistance, bookings, and inquiries. We're here to make your experience unforgettable!\",\"breadcrumb\":{\"@id\":\"https:\\\/\\\/travelplansmarrakech.com\\\/contact-us\\\/#breadcrumb\"},\"inLanguage\":\"fr-FR\",\"potentialAction\":[{\"@type\":\"ReadAction\",\"target\":[\"https:\\\/\\\/travelplansmarrakech.com\\\/contact-us\\\/\"]}]},{\"@type\":\"BreadcrumbList\",\"@id\":\"https:\\\/\\\/travelplansmarrakech.com\\\/contact-us\\\/#breadcrumb\",\"itemListElement\":[{\"@type\":\"ListItem\",\"position\":1,\"name\":\"Home\",\"item\":\"https:\\\/\\\/travelplansmarrakech.com\\\/\"},{\"@type\":\"ListItem\",\"position\":2,\"name\":\"Contact Us\"}]},{\"@type\":\"WebSite\",\"@id\":\"https:\\\/\\\/travelplansmarrakech.com\\\/#website\",\"url\":\"https:\\\/\\\/travelplansmarrakech.com\\\/\",\"name\":\"Travel Plans Marrakech\",\"description\":\"Travel Agency in Marrakech\",\"publisher\":{\"@id\":\"https:\\\/\\\/travelplansmarrakech.com\\\/#organization\"},\"potentialAction\":[{\"@type\":\"SearchAction\",\"target\":{\"@type\":\"EntryPoint\",\"urlTemplate\":\"https:\\\/\\\/travelplansmarrakech.com\\\/?s={search_term_string}\"},\"query-input\":{\"@type\":\"PropertyValueSpecification\",\"valueRequired\":true,\"valueName\":\"search_term_string\"}}],\"inLanguage\":\"fr-FR\"},{\"@type\":\"Organization\",\"@id\":\"https:\\\/\\\/travelplansmarrakech.com\\\/#organization\",\"name\":\"Travel Plans Marrakech\",\"url\":\"https:\\\/\\\/travelplansmarrakech.com\\\/\",\"logo\":{\"@type\":\"ImageObject\",\"inLanguage\":\"fr-FR\",\"@id\":\"https:\\\/\\\/travelplansmarrakech.com\\\/#\\\/schema\\\/logo\\\/image\\\/\",\"url\":\"https:\\\/\\\/travelplansmarrakech.com\\\/wp-content\\\/uploads\\\/2024\\\/10\\\/cropped-cropped-cropped-cropped-logo-1.png\",\"contentUrl\":\"https:\\\/\\\/travelplansmarrakech.com\\\/wp-content\\\/uploads\\\/2024\\\/10\\\/cropped-cropped-cropped-cropped-logo-1.png\",\"width\":100,\"height\":105,\"caption\":\"Travel Plans Marrakech\"},\"image\":{\"@id\":\"https:\\\/\\\/travelplansmarrakech.com\\\/#\\\/schema\\\/logo\\\/image\\\/\"}}]}<\/script>\n<!-- \/ Yoast SEO plugin. -->","yoast_head_json":{"title":"Contact Us - Travel Plans Marrakech","description":"Contact Travel Plans Marrakech for personalized travel assistance, bookings, and inquiries. We're here to make your experience unforgettable!","robots":{"index":"index","follow":"follow","max-snippet":"max-snippet:-1","max-image-preview":"max-image-preview:large","max-video-preview":"max-video-preview:-1"},"canonical":"https:\/\/travelplansmarrakech.com\/fr\/contactez-nous\/","og_locale":"fr_FR","og_type":"article","og_title":"Contact Us - Travel Plans Marrakech","og_description":"Contact Travel Plans Marrakech for personalized travel assistance, bookings, and inquiries. We're here to make your experience unforgettable!","og_url":"https:\/\/travelplansmarrakech.com\/fr\/contactez-nous\/","og_site_name":"Travel Plans Marrakech","article_modified_time":"2025-09-27T15:46:37+00:00","twitter_card":"summary_large_image","twitter_misc":{"Dur\u00e9e de lecture estim\u00e9e":"2 minutes"},"schema":{"@context":"https:\/\/schema.org","@graph":[{"@type":"WebPage","@id":"https:\/\/travelplansmarrakech.com\/contact-us\/","url":"https:\/\/travelplansmarrakech.com\/contact-us\/","name":"Contact Us - Travel Plans Marrakech","isPartOf":{"@id":"https:\/\/travelplansmarrakech.com\/#website"},"datePublished":"2024-07-24T10:15:19+00:00","dateModified":"2025-09-27T15:46:37+00:00","description":"Contact Travel Plans Marrakech for personalized travel assistance, bookings, and inquiries. We're here to make your experience unforgettable!","breadcrumb":{"@id":"https:\/\/travelplansmarrakech.com\/contact-us\/#breadcrumb"},"inLanguage":"fr-FR","potentialAction":[{"@type":"ReadAction","target":["https:\/\/travelplansmarrakech.com\/contact-us\/"]}]},{"@type":"BreadcrumbList","@id":"https:\/\/travelplansmarrakech.com\/contact-us\/#breadcrumb","itemListElement":[{"@type":"ListItem","position":1,"name":"Home","item":"https:\/\/travelplansmarrakech.com\/"},{"@type":"ListItem","position":2,"name":"Contact Us"}]},{"@type":"WebSite","@id":"https:\/\/travelplansmarrakech.com\/#website","url":"https:\/\/travelplansmarrakech.com\/","name":"Travel Plans Marrakech","description":"Travel Agency in Marrakech","publisher":{"@id":"https:\/\/travelplansmarrakech.com\/#organization"},"potentialAction":[{"@type":"SearchAction","target":{"@type":"EntryPoint","urlTemplate":"https:\/\/travelplansmarrakech.com\/?s={search_term_string}"},"query-input":{"@type":"PropertyValueSpecification","valueRequired":true,"valueName":"search_term_string"}}],"inLanguage":"fr-FR"},{"@type":"Organization","@id":"https:\/\/travelplansmarrakech.com\/#organization","name":"Travel Plans Marrakech","url":"https:\/\/travelplansmarrakech.com\/","logo":{"@type":"ImageObject","inLanguage":"fr-FR","@id":"https:\/\/travelplansmarrakech.com\/#\/schema\/logo\/image\/","url":"https:\/\/travelplansmarrakech.com\/wp-content\/uploads\/2024\/10\/cropped-cropped-cropped-cropped-logo-1.png","contentUrl":"https:\/\/travelplansmarrakech.com\/wp-content\/uploads\/2024\/10\/cropped-cropped-cropped-cropped-logo-1.png","width":100,"height":105,"caption":"Travel Plans Marrakech"},"image":{"@id":"https:\/\/travelplansmarrakech.com\/#\/schema\/logo\/image\/"}}]}},"_links":{"self":[{"href":"https:\/\/travelplansmarrakech.com\/fr\/wp-json\/wp\/v2\/pages\/44","targetHints":{"allow":["GET"]}}],"collection":[{"href":"https:\/\/travelplansmarrakech.com\/fr\/wp-json\/wp\/v2\/pages"}],"about":[{"href":"https:\/\/travelplansmarrakech.com\/fr\/wp-json\/wp\/v2\/types\/page"}],"author":[{"embeddable":true,"href":"https:\/\/travelplansmarrakech.com\/fr\/wp-json\/wp\/v2\/users\/1"}],"replies":[{"embeddable":true,"href":"https:\/\/travelplansmarrakech.com\/fr\/wp-json\/wp\/v2\/comments?post=44"}],"version-history":[{"count":0,"href":"https:\/\/travelplansmarrakech.com\/fr\/wp-json\/wp\/v2\/pages\/44\/revisions"}],"wp:attachment":[{"href":"https:\/\/travelplansmarrakech.com\/fr\/wp-json\/wp\/v2\/media?parent=44"}],"curies":[{"name":"wp","href":"https:\/\/api.w.org\/{rel}","templated":true}]}}