{"id":12820,"date":"2024-11-13T11:20:59","date_gmt":"2024-11-13T11:20:59","guid":{"rendered":"https:\/\/travelplansmarrakech.com\/?page_id=12820"},"modified":"2025-03-10T13:12:42","modified_gmt":"2025-03-10T13:12:42","slug":"plan-de-site","status":"publish","type":"page","link":"https:\/\/travelplansmarrakech.com\/fr\/plan-de-site\/","title":{"rendered":"Plan de site"},"content":{"rendered":"<div data-elementor-type=\"wp-page\" data-elementor-id=\"12820\" class=\"elementor elementor-12820\" data-elementor-settings=\"{&quot;element_pack_global_tooltip_width&quot;:{&quot;unit&quot;:&quot;px&quot;,&quot;size&quot;:&quot;&quot;,&quot;sizes&quot;:[]},&quot;element_pack_global_tooltip_width_laptop&quot;:{&quot;unit&quot;:&quot;px&quot;,&quot;size&quot;:&quot;&quot;,&quot;sizes&quot;:[]},&quot;element_pack_global_tooltip_width_tablet_extra&quot;:{&quot;unit&quot;:&quot;px&quot;,&quot;size&quot;:&quot;&quot;,&quot;sizes&quot;:[]},&quot;element_pack_global_tooltip_width_tablet&quot;:{&quot;unit&quot;:&quot;px&quot;,&quot;size&quot;:&quot;&quot;,&quot;sizes&quot;:[]},&quot;element_pack_global_tooltip_width_mobile_extra&quot;:{&quot;unit&quot;:&quot;px&quot;,&quot;size&quot;:&quot;&quot;,&quot;sizes&quot;:[]},&quot;element_pack_global_tooltip_width_mobile&quot;:{&quot;unit&quot;:&quot;px&quot;,&quot;size&quot;:&quot;&quot;,&quot;sizes&quot;:[]},&quot;element_pack_global_tooltip_padding&quot;:{&quot;unit&quot;:&quot;px&quot;,&quot;top&quot;:&quot;&quot;,&quot;right&quot;:&quot;&quot;,&quot;bottom&quot;:&quot;&quot;,&quot;left&quot;:&quot;&quot;,&quot;isLinked&quot;:true},&quot;element_pack_global_tooltip_padding_laptop&quot;:{&quot;unit&quot;:&quot;px&quot;,&quot;top&quot;:&quot;&quot;,&quot;right&quot;:&quot;&quot;,&quot;bottom&quot;:&quot;&quot;,&quot;left&quot;:&quot;&quot;,&quot;isLinked&quot;:true},&quot;element_pack_global_tooltip_padding_tablet_extra&quot;:{&quot;unit&quot;:&quot;px&quot;,&quot;top&quot;:&quot;&quot;,&quot;right&quot;:&quot;&quot;,&quot;bottom&quot;:&quot;&quot;,&quot;left&quot;:&quot;&quot;,&quot;isLinked&quot;:true},&quot;element_pack_global_tooltip_padding_tablet&quot;:{&quot;unit&quot;:&quot;px&quot;,&quot;top&quot;:&quot;&quot;,&quot;right&quot;:&quot;&quot;,&quot;bottom&quot;:&quot;&quot;,&quot;left&quot;:&quot;&quot;,&quot;isLinked&quot;:true},&quot;element_pack_global_tooltip_padding_mobile_extra&quot;:{&quot;unit&quot;:&quot;px&quot;,&quot;top&quot;:&quot;&quot;,&quot;right&quot;:&quot;&quot;,&quot;bottom&quot;:&quot;&quot;,&quot;left&quot;:&quot;&quot;,&quot;isLinked&quot;:true},&quot;element_pack_global_tooltip_padding_mobile&quot;:{&quot;unit&quot;:&quot;px&quot;,&quot;top&quot;:&quot;&quot;,&quot;right&quot;:&quot;&quot;,&quot;bottom&quot;:&quot;&quot;,&quot;left&quot;:&quot;&quot;,&quot;isLinked&quot;:true},&quot;element_pack_global_tooltip_border_radius&quot;:{&quot;unit&quot;:&quot;px&quot;,&quot;top&quot;:&quot;&quot;,&quot;right&quot;:&quot;&quot;,&quot;bottom&quot;:&quot;&quot;,&quot;left&quot;:&quot;&quot;,&quot;isLinked&quot;:true},&quot;element_pack_global_tooltip_border_radius_laptop&quot;:{&quot;unit&quot;:&quot;px&quot;,&quot;top&quot;:&quot;&quot;,&quot;right&quot;:&quot;&quot;,&quot;bottom&quot;:&quot;&quot;,&quot;left&quot;:&quot;&quot;,&quot;isLinked&quot;:true},&quot;element_pack_global_tooltip_border_radius_tablet_extra&quot;:{&quot;unit&quot;:&quot;px&quot;,&quot;top&quot;:&quot;&quot;,&quot;right&quot;:&quot;&quot;,&quot;bottom&quot;:&quot;&quot;,&quot;left&quot;:&quot;&quot;,&quot;isLinked&quot;:true},&quot;element_pack_global_tooltip_border_radius_tablet&quot;:{&quot;unit&quot;:&quot;px&quot;,&quot;top&quot;:&quot;&quot;,&quot;right&quot;:&quot;&quot;,&quot;bottom&quot;:&quot;&quot;,&quot;left&quot;:&quot;&quot;,&quot;isLinked&quot;:true},&quot;element_pack_global_tooltip_border_radius_mobile_extra&quot;:{&quot;unit&quot;:&quot;px&quot;,&quot;top&quot;:&quot;&quot;,&quot;right&quot;:&quot;&quot;,&quot;bottom&quot;:&quot;&quot;,&quot;left&quot;:&quot;&quot;,&quot;isLinked&quot;:true},&quot;element_pack_global_tooltip_border_radius_mobile&quot;:{&quot;unit&quot;:&quot;px&quot;,&quot;top&quot;:&quot;&quot;,&quot;right&quot;:&quot;&quot;,&quot;bottom&quot;:&quot;&quot;,&quot;left&quot;:&quot;&quot;,&quot;isLinked&quot;:true}}\" data-elementor-post-type=\"page\">\n\t\t\t\t<div class=\"elementor-element elementor-element-049fed6 e-flex e-con-boxed e-con e-parent\" data-id=\"049fed6\" data-element_type=\"container\" data-e-type=\"container\">\n\t\t\t\t\t<div class=\"e-con-inner\">\n\t\t\t\t<div class=\"elementor-element elementor-element-081dc60 elementor-widget elementor-widget-text-editor\" data-id=\"081dc60\" data-element_type=\"widget\" data-e-type=\"widget\" data-widget_type=\"text-editor.default\">\n\t\t\t\t<div class=\"elementor-widget-container\">\n\t\t\t\t\t\t\t\t\t<h2 class=\"wsp-pages-title\"><span style=\"color: #333399;\">Pages<\/span><\/h2><ul class=\"wsp-pages-list\"><li><a href=\"https:\/\/travelplansmarrakech.com\/fr\/\">Travel Agency in Marrakech<\/a><\/li><li class=\"page_item page-item-41\"><a href=\"https:\/\/travelplansmarrakech.com\/fr\/a-propos-de-nous\/\">\u00c0 propos de nous<\/a><\/li><li><a href=\"https:\/\/travelplansmarrakech.com\/fr\/circuits\/\">Circuits<\/a><\/li><li><a href=\"https:\/\/travelplansmarrakech.com\/fr\/tourist-transport-agency-marrakech\/\">Tourist Transport Agency Marrakech<\/a><\/li><li><a href=\"https:\/\/travelplansmarrakech.com\/fr\/excursions-marrakech\/\">Excursions<\/a><\/li><li><a href=\"https:\/\/travelplansmarrakech.com\/fr\/transferts-aeroport-2\/\">Transferts a\u00e9roport<\/a><\/li><li><a href=\"https:\/\/travelplansmarrakech.com\/fr\/influencers-brands\/\">Influencers &amp; Brands<\/a><\/li><li><a href=\"https:\/\/travelplansmarrakech.com\/fr\/vehicules-de-luxe\/\">V\u00e9hicules de luxe<\/a><\/li><li><a href=\"https:\/\/travelplansmarrakech.com\/fr\/blog\/\">Blog<\/a><\/li><li><a href=\"https:\/\/travelplansmarrakech.com\/fr\/faqs-page\/\">FAQs Page<\/a><\/li><li><a href=\"https:\/\/travelplansmarrakech.com\/fr\/contactez-nous\/\">Contactez-nous<\/a><\/li><li><a href=\"https:\/\/travelplansmarrakech.com\/fr\/plan-de-site\/\">Plan de site<\/a><\/li><li><a href=\"https:\/\/travelplansmarrakech.com\/fr\/privacy-policy\/\">Politique de Confidentialit\u00e9<\/a><\/li><li><a href=\"https:\/\/travelplansmarrakech.com\/fr\/terms-and-conditions\/\">Termes et conditions<\/a><\/li><\/ul><h2 class=\"wsp-to_books-title\"><span style=\"color: #333399;\">voyages<\/span><\/h2><ul class=\"wsp-to_books-list\"><li><a href=\"https:\/\/travelplansmarrakech.com\/fr\/voyage\/cours-de-cuisine\/\">Cours de cuisine<\/a><\/li><li><a href=\"https:\/\/travelplansmarrakech.com\/fr\/voyage\/montgolfiere-marrakech\/\">Montgolfi\u00e8re<\/a><\/li><li><a href=\"https:\/\/travelplansmarrakech.com\/fr\/voyage\/balade-privee-d-une-demi-journee-a-dromadaire-dans-la-palmeraie-de-marrakech\/\">Balade priv\u00e9e d'une demi-journ\u00e9e \u00e0 dos de chameau dans la Palmeraie de Marrakech<\/a><\/li><li><a href=\"https:\/\/travelplansmarrakech.com\/fr\/voyage\/une-nuit-romantique-au-desert-dagafay-2\/\">Nuit romantique dans le d\u00e9sert d'Agafay<\/a><\/li><li><a href=\"https:\/\/travelplansmarrakech.com\/fr\/voyage\/grand-voyage-4-jours-desert-merzouga-depuis-marrakech\/\">4 JOURS GRAND VOYAGE AU D\u00c9SERT DE MERZOUGA DEPUIS MARRAKECH<\/a><\/li><li><a href=\"https:\/\/travelplansmarrakech.com\/fr\/voyage\/le-grand-circuit-des-villes-imperiales-et-le-sud-du-maroc-2\/\">9 JOURS GRAND CIRCUIT DES VILLES IMP\u00c9RIALES &amp; DU SUD DU MAROC<\/a><\/li><li><a href=\"https:\/\/travelplansmarrakech.com\/fr\/voyage\/demi-journee-balade-en-quad-au-desert-dagafay\/\">Demi Journ\u00e9e Balade en Quad au d\u00e9sert d'agafay<\/a><\/li><li><a href=\"https:\/\/travelplansmarrakech.com\/fr\/voyage\/demi-journee-balade-dromadaire-au-desert-dagafay\/\">Demi Journ\u00e9e Balade Dromadaire Au D\u00e9sert D\u2019agafay<\/a><\/li><li><a href=\"https:\/\/travelplansmarrakech.com\/fr\/voyage\/journee-piscine-dans-le-desert-dagafay\/\">Journ\u00e9e piscine dans le d\u00e9sert d'Agafay avec d\u00e9jeuner, quad et promenade \u00e0 dos de chameau<\/a><\/li><li><a href=\"https:\/\/travelplansmarrakech.com\/fr\/voyage\/9-jours-grand-voyage-de-marrakech-a-chefchaouen-2\/\">9 JOURS GRAND VOYAGE DE MARRAKECH \u00c0 CHEFCHAOUEN<\/a><\/li><li><a href=\"https:\/\/travelplansmarrakech.com\/fr\/voyage\/excursion-privee-dune-journee-aux-cascades-douzoud\/\">Excursion priv\u00e9e d\u2019une journ\u00e9e aux cascades d\u2019Ouzoud<\/a><\/li><li><a href=\"https:\/\/travelplansmarrakech.com\/fr\/voyage\/chez-ali-fantasia-1001-nuits-diner-spectacle-marrakech\/\">Chez Ali Fantasia 1001 Nuits : D\u00eener avec Spectacle Marrakech<\/a><\/li><li><a href=\"https:\/\/travelplansmarrakech.com\/fr\/voyage\/safari-prive-dune-demi-journee-en-quad-dans-la-palmeraie-de-marrakech\/\">Safari priv\u00e9 d'une demi-journ\u00e9e en quad dans la palmeraie de Marrakech<\/a><\/li><li><a href=\"https:\/\/travelplansmarrakech.com\/fr\/voyage\/circuit-3-jours-desert-erg-chegaga-depuis-marrakech\/\">3 JOURS \u00c9VASION AU D\u00c9SERT DE L'ERG CHEGAGA<\/a><\/li><li><a href=\"https:\/\/travelplansmarrakech.com\/fr\/voyage\/circuit-10-jours-maroc-multiples-beautes\/\">10 jours \u00e0 la d\u00e9couverte des multiples beaut\u00e9s du Maroc<\/a><\/li><li><a href=\"https:\/\/travelplansmarrakech.com\/fr\/voyage\/sahara-zagora\/\">5 JOURS D'\u00c9VASION SAHARIENNE PAR LA ROUTE DES MILLIERS KASBAHS<\/a><\/li><li><a href=\"https:\/\/travelplansmarrakech.com\/fr\/voyage\/circuit-8-jours-villes-imperiales-depuis-marrakech\/\">8 jours circuit des villes imp\u00e9riales Maroc<\/a><\/li><li><a href=\"https:\/\/travelplansmarrakech.com\/fr\/voyage\/8-jours-circuit-maroc-2\/\">8 Jours Circuit du paradis marocain<\/a><\/li><li><a href=\"https:\/\/travelplansmarrakech.com\/fr\/voyage\/vallee-de-lourika\/\">Excursion Priv\u00e9e vers la vall\u00e9e Ourika<\/a><\/li><li><a href=\"https:\/\/travelplansmarrakech.com\/fr\/voyage\/visite-guidee-dune-journee-complete\/\">Marrakech Full Day Guided City Tour \u2013 Private Tour<\/a><\/li><li><a href=\"https:\/\/travelplansmarrakech.com\/fr\/voyage\/excursion-privee-dune-journee-a-essaouira\/\">Excursion priv\u00e9e d'une journ\u00e9e \u00e0 Essaouira<\/a><\/li><li><a href=\"https:\/\/travelplansmarrakech.com\/fr\/voyage\/excursion-privee-dune-journee-jardin-anima\/\">Private day trip to the \u201cIsland of the Blessed\u201d Andr\u00e9 hiller\u2019s Anima Garden<\/a><\/li><li><a href=\"https:\/\/travelplansmarrakech.com\/fr\/voyage\/excursion-dune-journee-a-la-kasbah-ait-ben-haddou\/\">Excursion d'une journ\u00e9e \u00e0 la Kasbah Ait Ben Haddou<\/a><\/li><li><a href=\"https:\/\/travelplansmarrakech.com\/fr\/voyage\/excursion-privee-dune-journee-dans-3-vallees\/\">Excursion priv\u00e9e d'une journ\u00e9e dans les 3 Vall\u00e9es<\/a><\/li><li><a href=\"https:\/\/travelplansmarrakech.com\/fr\/voyage\/meilleure-experience-randonnee-imlil\/\">Excursion d'une journ\u00e9e  \u00e0 Ouirgane et roseraie vall\u00e9es<\/a><\/li><li><a href=\"https:\/\/travelplansmarrakech.com\/fr\/voyage\/desert-de-merzouga\/\">3 jours circuit D\u00e9sert de Merzouga \u00e0 partir du Marrakech<\/a><\/li><li><a href=\"https:\/\/travelplansmarrakech.com\/fr\/voyage\/diner-romantique-et-balade-a-dos-de-chameau-dans-le-desert-magique-dagafay-2\/\">Diner Romantique avec Ballade dromadaire et Ballade en quad au d\u00e9sert D'Agafay<\/a><\/li><li><a href=\"https:\/\/travelplansmarrakech.com\/fr\/voyage\/2-jours-excursion-privee-dans-le-desert-de-zagora-au-depart-de-marrakech-2\/\">2 jours Excursion priv\u00e9e dans le d\u00e9sert de Zagora au d\u00e9part de Marrakech<\/a><\/li><\/ul><h2 class=\"wsp-categoriess-title\"><span style=\"color: #333399;\">Booking Categories<\/span><\/h2><ul class=\"wsp-categoriess-list\"><li><a href=\"https:\/\/travelplansmarrakech.com\/fr\/categories\/excursion\/\">Excursion<\/a><\/li><li><a href=\"https:\/\/travelplansmarrakech.com\/fr\/categories\/tour\/\">Tour<\/a><\/li><\/ul><h2 class=\"wsp-ba_activitys-title\"><span style=\"color: #333399;\">Activity<\/span><\/h2><ul class=\"wsp-ba_activitys-list\"><li><a href=\"https:\/\/travelplansmarrakech.com\/fr\/ba_activity\/camel-ride\/\">Balade \u00e0 dos de chameau<\/a><\/li><li><a href=\"https:\/\/travelplansmarrakech.com\/fr\/ba_activity\/cooking-class\/\">Cours de cuisine<\/a><\/li><li><a href=\"https:\/\/travelplansmarrakech.com\/fr\/ba_activity\/day-pass\/\">Pass journalier<\/a><\/li><li><a href=\"https:\/\/travelplansmarrakech.com\/fr\/ba_activity\/excursion\/\">Excursion<\/a><\/li><li><a href=\"https:\/\/travelplansmarrakech.com\/fr\/ba_activity\/hot-air\/\">Montgolfi\u00e8re<\/a><\/li><li><a href=\"https:\/\/travelplansmarrakech.com\/fr\/ba_activity\/night-tours\/\">Night Tours<\/a><\/li><li><a href=\"https:\/\/travelplansmarrakech.com\/fr\/ba_activity\/quad\/\">Quad<\/a><\/li><li><a href=\"https:\/\/travelplansmarrakech.com\/fr\/ba_activity\/romantic-dinner\/\">D\u00eener romantique<\/a><\/li><li><a href=\"https:\/\/travelplansmarrakech.com\/fr\/ba_activity\/tours\/\">Circuits<\/a><\/li><\/ul><h2 class=\"wsp-ba_locationss-title\"><span style=\"color: #333399;\">Destination<\/span><\/h2><ul class=\"wsp-ba_locationss-list\"><li><a href=\"https:\/\/travelplansmarrakech.com\/fr\/ba_locations\/agafay\/\">Agafay<\/a><\/li><li><a href=\"https:\/\/travelplansmarrakech.com\/fr\/ba_locations\/atlas\/\">Atlas<\/a><\/li><li><a href=\"https:\/\/travelplansmarrakech.com\/fr\/ba_locations\/desert\/\">Desert<\/a><\/li><li><a href=\"https:\/\/travelplansmarrakech.com\/fr\/ba_locations\/essaouira\/\">Essaouira<\/a><\/li><li><a href=\"https:\/\/travelplansmarrakech.com\/fr\/ba_locations\/marrakech\/\">Marrakech<\/a><\/li><li><a href=\"https:\/\/travelplansmarrakech.com\/fr\/ba_locations\/ouzoud\/\">Ouzoud<\/a><\/li><\/ul><h2 class=\"wsp-ba_excursions-title\"><span style=\"color: #333399;\">Excursion<\/span><\/h2><ul class=\"wsp-ba_excursions-list\"><li><a href=\"https:\/\/travelplansmarrakech.com\/fr\/ba_excursion\/agafay\/\">agafay<\/a><\/li><li><a href=\"https:\/\/travelplansmarrakech.com\/fr\/ba_excursion\/ouzoud\/\">ouzoud<\/a><\/li><\/ul><h2 class=\"wsp-pages-title\"><span style=\"color: #333399;\">LP<\/span><\/h2><ul class=\"wsp-pages-list\"><li><a href=\"https:\/\/travelplansmarrakech.com\/fr\/reiseagentur-in-marrakesch\/\">Reiseagentur in Marrakesch<\/a><\/li><li><a href=\"https:\/\/travelplansmarrakech.com\/fr\/agencia-de-viajes-en-marrakech\/\">Agencia de Viajes en Marrakech<\/a><\/li><li><a href=\"https:\/\/travelplansmarrakech.com\/fr\/\u0648\u0643\u0627\u0644\u0629-\u0623\u0633\u0641\u0627\u0631-\u0645\u0631\u0627\u0643\u0634\/\">\u0648\u0643\u0627\u0644\u0629 \u0623\u0633\u0641\u0627\u0631 \u0645\u0631\u0627\u0643\u0634<\/a><\/li><li><a href=\"https:\/\/travelplansmarrakech.com\/fr\/morocco-desert-tours-from-marrakech\/\">Morocco desert tours from Marrakech<\/a><\/li><li><a href=\"https:\/\/travelplansmarrakech.com\/fr\/morocco-all-inclusive-holidays\/\">Morocco all inclusive holidays<\/a><\/li><\/ul>\t\t\t\t\t\t\t\t<\/div>\n\t\t\t\t<\/div>\n\t\t\t\t\t<\/div>\n\t\t\t\t<\/div>\n\t\t\t\t<\/div>","protected":false},"excerpt":{"rendered":"<p>Pages Travel Agency in Marrakech About Us Tours Tourist Transport Agency Marrakech Excursions Airport transfers Influencers &amp; Brands Luxury Vehicles Blog FAQs Page Contact Us Plan de site Privacy Policy Terms and Conditions voyages Cooking Class Hot Air Ballon Private Half Day Camel Ride in Marrakech Palmeraie Romantic Night In Agafay Desert 4-DAYS GREAT SOUTHERN [&hellip;]<\/p>","protected":false},"author":4,"featured_media":0,"parent":0,"menu_order":0,"comment_status":"closed","ping_status":"closed","template":"template-homepage.php","meta":{"footnotes":""},"class_list":["post-12820","page","type-page","status-publish","hentry"],"yoast_head":"<!-- This site is optimized with the Yoast SEO plugin v27.3 - https:\/\/yoast.com\/product\/yoast-seo-wordpress\/ -->\n<title>Plan de site - Travel Plans Marrakech<\/title>\n<meta name=\"description\" content=\"Plan de site\" \/>\n<meta name=\"robots\" content=\"index, follow, max-snippet:-1, max-image-preview:large, max-video-preview:-1\" \/>\n<link rel=\"canonical\" href=\"https:\/\/travelplansmarrakech.com\/fr\/plan-de-site\/\" \/>\n<meta property=\"og:locale\" content=\"fr_FR\" \/>\n<meta property=\"og:type\" content=\"article\" \/>\n<meta property=\"og:title\" content=\"Plan de site - Travel Plans Marrakech\" \/>\n<meta property=\"og:description\" content=\"Plan de site\" \/>\n<meta property=\"og:url\" content=\"https:\/\/travelplansmarrakech.com\/fr\/plan-de-site\/\" \/>\n<meta property=\"og:site_name\" content=\"Travel Plans Marrakech\" \/>\n<meta property=\"article:modified_time\" content=\"2025-03-10T13:12:42+00:00\" \/>\n<meta name=\"twitter:card\" content=\"summary_large_image\" \/>\n<meta name=\"twitter:label1\" content=\"Dur\u00e9e de lecture estim\u00e9e\" \/>\n\t<meta name=\"twitter:data1\" content=\"2 minutes\" \/>\n<script type=\"application\/ld+json\" class=\"yoast-schema-graph\">{\"@context\":\"https:\\\/\\\/schema.org\",\"@graph\":[{\"@type\":\"WebPage\",\"@id\":\"https:\\\/\\\/travelplansmarrakech.com\\\/plan-de-site\\\/\",\"url\":\"https:\\\/\\\/travelplansmarrakech.com\\\/plan-de-site\\\/\",\"name\":\"Plan de site - Travel Plans Marrakech\",\"isPartOf\":{\"@id\":\"https:\\\/\\\/travelplansmarrakech.com\\\/#website\"},\"datePublished\":\"2024-11-13T11:20:59+00:00\",\"dateModified\":\"2025-03-10T13:12:42+00:00\",\"description\":\"Plan de site\",\"breadcrumb\":{\"@id\":\"https:\\\/\\\/travelplansmarrakech.com\\\/plan-de-site\\\/#breadcrumb\"},\"inLanguage\":\"fr-FR\",\"potentialAction\":[{\"@type\":\"ReadAction\",\"target\":[\"https:\\\/\\\/travelplansmarrakech.com\\\/plan-de-site\\\/\"]}]},{\"@type\":\"BreadcrumbList\",\"@id\":\"https:\\\/\\\/travelplansmarrakech.com\\\/plan-de-site\\\/#breadcrumb\",\"itemListElement\":[{\"@type\":\"ListItem\",\"position\":1,\"name\":\"Home\",\"item\":\"https:\\\/\\\/travelplansmarrakech.com\\\/\"},{\"@type\":\"ListItem\",\"position\":2,\"name\":\"Plan de site\"}]},{\"@type\":\"WebSite\",\"@id\":\"https:\\\/\\\/travelplansmarrakech.com\\\/#website\",\"url\":\"https:\\\/\\\/travelplansmarrakech.com\\\/\",\"name\":\"Travel Plans Marrakech\",\"description\":\"Travel Agency in Marrakech\",\"publisher\":{\"@id\":\"https:\\\/\\\/travelplansmarrakech.com\\\/#organization\"},\"potentialAction\":[{\"@type\":\"SearchAction\",\"target\":{\"@type\":\"EntryPoint\",\"urlTemplate\":\"https:\\\/\\\/travelplansmarrakech.com\\\/?s={search_term_string}\"},\"query-input\":{\"@type\":\"PropertyValueSpecification\",\"valueRequired\":true,\"valueName\":\"search_term_string\"}}],\"inLanguage\":\"fr-FR\"},{\"@type\":\"Organization\",\"@id\":\"https:\\\/\\\/travelplansmarrakech.com\\\/#organization\",\"name\":\"Travel Plans Marrakech\",\"url\":\"https:\\\/\\\/travelplansmarrakech.com\\\/\",\"logo\":{\"@type\":\"ImageObject\",\"inLanguage\":\"fr-FR\",\"@id\":\"https:\\\/\\\/travelplansmarrakech.com\\\/#\\\/schema\\\/logo\\\/image\\\/\",\"url\":\"https:\\\/\\\/travelplansmarrakech.com\\\/wp-content\\\/uploads\\\/2024\\\/10\\\/cropped-cropped-cropped-cropped-logo-1.png\",\"contentUrl\":\"https:\\\/\\\/travelplansmarrakech.com\\\/wp-content\\\/uploads\\\/2024\\\/10\\\/cropped-cropped-cropped-cropped-logo-1.png\",\"width\":100,\"height\":105,\"caption\":\"Travel Plans Marrakech\"},\"image\":{\"@id\":\"https:\\\/\\\/travelplansmarrakech.com\\\/#\\\/schema\\\/logo\\\/image\\\/\"}}]}<\/script>\n<!-- \/ Yoast SEO plugin. -->","yoast_head_json":{"title":"Plan de site - Travel Plans Marrakech","description":"Plan de site","robots":{"index":"index","follow":"follow","max-snippet":"max-snippet:-1","max-image-preview":"max-image-preview:large","max-video-preview":"max-video-preview:-1"},"canonical":"https:\/\/travelplansmarrakech.com\/fr\/plan-de-site\/","og_locale":"fr_FR","og_type":"article","og_title":"Plan de site - Travel Plans Marrakech","og_description":"Plan de site","og_url":"https:\/\/travelplansmarrakech.com\/fr\/plan-de-site\/","og_site_name":"Travel Plans Marrakech","article_modified_time":"2025-03-10T13:12:42+00:00","twitter_card":"summary_large_image","twitter_misc":{"Dur\u00e9e de lecture estim\u00e9e":"2 minutes"},"schema":{"@context":"https:\/\/schema.org","@graph":[{"@type":"WebPage","@id":"https:\/\/travelplansmarrakech.com\/plan-de-site\/","url":"https:\/\/travelplansmarrakech.com\/plan-de-site\/","name":"Plan de site - Travel Plans Marrakech","isPartOf":{"@id":"https:\/\/travelplansmarrakech.com\/#website"},"datePublished":"2024-11-13T11:20:59+00:00","dateModified":"2025-03-10T13:12:42+00:00","description":"Plan de site","breadcrumb":{"@id":"https:\/\/travelplansmarrakech.com\/plan-de-site\/#breadcrumb"},"inLanguage":"fr-FR","potentialAction":[{"@type":"ReadAction","target":["https:\/\/travelplansmarrakech.com\/plan-de-site\/"]}]},{"@type":"BreadcrumbList","@id":"https:\/\/travelplansmarrakech.com\/plan-de-site\/#breadcrumb","itemListElement":[{"@type":"ListItem","position":1,"name":"Home","item":"https:\/\/travelplansmarrakech.com\/"},{"@type":"ListItem","position":2,"name":"Plan de site"}]},{"@type":"WebSite","@id":"https:\/\/travelplansmarrakech.com\/#website","url":"https:\/\/travelplansmarrakech.com\/","name":"Travel Plans Marrakech","description":"Travel Agency in Marrakech","publisher":{"@id":"https:\/\/travelplansmarrakech.com\/#organization"},"potentialAction":[{"@type":"SearchAction","target":{"@type":"EntryPoint","urlTemplate":"https:\/\/travelplansmarrakech.com\/?s={search_term_string}"},"query-input":{"@type":"PropertyValueSpecification","valueRequired":true,"valueName":"search_term_string"}}],"inLanguage":"fr-FR"},{"@type":"Organization","@id":"https:\/\/travelplansmarrakech.com\/#organization","name":"Travel Plans Marrakech","url":"https:\/\/travelplansmarrakech.com\/","logo":{"@type":"ImageObject","inLanguage":"fr-FR","@id":"https:\/\/travelplansmarrakech.com\/#\/schema\/logo\/image\/","url":"https:\/\/travelplansmarrakech.com\/wp-content\/uploads\/2024\/10\/cropped-cropped-cropped-cropped-logo-1.png","contentUrl":"https:\/\/travelplansmarrakech.com\/wp-content\/uploads\/2024\/10\/cropped-cropped-cropped-cropped-logo-1.png","width":100,"height":105,"caption":"Travel Plans Marrakech"},"image":{"@id":"https:\/\/travelplansmarrakech.com\/#\/schema\/logo\/image\/"}}]}},"_links":{"self":[{"href":"https:\/\/travelplansmarrakech.com\/fr\/wp-json\/wp\/v2\/pages\/12820","targetHints":{"allow":["GET"]}}],"collection":[{"href":"https:\/\/travelplansmarrakech.com\/fr\/wp-json\/wp\/v2\/pages"}],"about":[{"href":"https:\/\/travelplansmarrakech.com\/fr\/wp-json\/wp\/v2\/types\/page"}],"author":[{"embeddable":true,"href":"https:\/\/travelplansmarrakech.com\/fr\/wp-json\/wp\/v2\/users\/4"}],"replies":[{"embeddable":true,"href":"https:\/\/travelplansmarrakech.com\/fr\/wp-json\/wp\/v2\/comments?post=12820"}],"version-history":[{"count":0,"href":"https:\/\/travelplansmarrakech.com\/fr\/wp-json\/wp\/v2\/pages\/12820\/revisions"}],"wp:attachment":[{"href":"https:\/\/travelplansmarrakech.com\/fr\/wp-json\/wp\/v2\/media?parent=12820"}],"curies":[{"name":"wp","href":"https:\/\/api.w.org\/{rel}","templated":true}]}}