{"id":12820,"date":"2024-11-13T11:20:59","date_gmt":"2024-11-13T11:20:59","guid":{"rendered":"https:\/\/travelplansmarrakech.com\/?page_id=12820"},"modified":"2025-03-10T13:12:42","modified_gmt":"2025-03-10T13:12:42","slug":"plan-de-site","status":"publish","type":"page","link":"https:\/\/travelplansmarrakech.com\/es\/plan-de-site\/","title":{"rendered":"Mapa del sitio"},"content":{"rendered":"<div data-elementor-type=\"wp-page\" data-elementor-id=\"12820\" class=\"elementor elementor-12820\" data-elementor-settings=\"{&quot;element_pack_global_tooltip_width&quot;:{&quot;unit&quot;:&quot;px&quot;,&quot;size&quot;:&quot;&quot;,&quot;sizes&quot;:[]},&quot;element_pack_global_tooltip_width_laptop&quot;:{&quot;unit&quot;:&quot;px&quot;,&quot;size&quot;:&quot;&quot;,&quot;sizes&quot;:[]},&quot;element_pack_global_tooltip_width_tablet_extra&quot;:{&quot;unit&quot;:&quot;px&quot;,&quot;size&quot;:&quot;&quot;,&quot;sizes&quot;:[]},&quot;element_pack_global_tooltip_width_tablet&quot;:{&quot;unit&quot;:&quot;px&quot;,&quot;size&quot;:&quot;&quot;,&quot;sizes&quot;:[]},&quot;element_pack_global_tooltip_width_mobile_extra&quot;:{&quot;unit&quot;:&quot;px&quot;,&quot;size&quot;:&quot;&quot;,&quot;sizes&quot;:[]},&quot;element_pack_global_tooltip_width_mobile&quot;:{&quot;unit&quot;:&quot;px&quot;,&quot;size&quot;:&quot;&quot;,&quot;sizes&quot;:[]},&quot;element_pack_global_tooltip_padding&quot;:{&quot;unit&quot;:&quot;px&quot;,&quot;top&quot;:&quot;&quot;,&quot;right&quot;:&quot;&quot;,&quot;bottom&quot;:&quot;&quot;,&quot;left&quot;:&quot;&quot;,&quot;isLinked&quot;:true},&quot;element_pack_global_tooltip_padding_laptop&quot;:{&quot;unit&quot;:&quot;px&quot;,&quot;top&quot;:&quot;&quot;,&quot;right&quot;:&quot;&quot;,&quot;bottom&quot;:&quot;&quot;,&quot;left&quot;:&quot;&quot;,&quot;isLinked&quot;:true},&quot;element_pack_global_tooltip_padding_tablet_extra&quot;:{&quot;unit&quot;:&quot;px&quot;,&quot;top&quot;:&quot;&quot;,&quot;right&quot;:&quot;&quot;,&quot;bottom&quot;:&quot;&quot;,&quot;left&quot;:&quot;&quot;,&quot;isLinked&quot;:true},&quot;element_pack_global_tooltip_padding_tablet&quot;:{&quot;unit&quot;:&quot;px&quot;,&quot;top&quot;:&quot;&quot;,&quot;right&quot;:&quot;&quot;,&quot;bottom&quot;:&quot;&quot;,&quot;left&quot;:&quot;&quot;,&quot;isLinked&quot;:true},&quot;element_pack_global_tooltip_padding_mobile_extra&quot;:{&quot;unit&quot;:&quot;px&quot;,&quot;top&quot;:&quot;&quot;,&quot;right&quot;:&quot;&quot;,&quot;bottom&quot;:&quot;&quot;,&quot;left&quot;:&quot;&quot;,&quot;isLinked&quot;:true},&quot;element_pack_global_tooltip_padding_mobile&quot;:{&quot;unit&quot;:&quot;px&quot;,&quot;top&quot;:&quot;&quot;,&quot;right&quot;:&quot;&quot;,&quot;bottom&quot;:&quot;&quot;,&quot;left&quot;:&quot;&quot;,&quot;isLinked&quot;:true},&quot;element_pack_global_tooltip_border_radius&quot;:{&quot;unit&quot;:&quot;px&quot;,&quot;top&quot;:&quot;&quot;,&quot;right&quot;:&quot;&quot;,&quot;bottom&quot;:&quot;&quot;,&quot;left&quot;:&quot;&quot;,&quot;isLinked&quot;:true},&quot;element_pack_global_tooltip_border_radius_laptop&quot;:{&quot;unit&quot;:&quot;px&quot;,&quot;top&quot;:&quot;&quot;,&quot;right&quot;:&quot;&quot;,&quot;bottom&quot;:&quot;&quot;,&quot;left&quot;:&quot;&quot;,&quot;isLinked&quot;:true},&quot;element_pack_global_tooltip_border_radius_tablet_extra&quot;:{&quot;unit&quot;:&quot;px&quot;,&quot;top&quot;:&quot;&quot;,&quot;right&quot;:&quot;&quot;,&quot;bottom&quot;:&quot;&quot;,&quot;left&quot;:&quot;&quot;,&quot;isLinked&quot;:true},&quot;element_pack_global_tooltip_border_radius_tablet&quot;:{&quot;unit&quot;:&quot;px&quot;,&quot;top&quot;:&quot;&quot;,&quot;right&quot;:&quot;&quot;,&quot;bottom&quot;:&quot;&quot;,&quot;left&quot;:&quot;&quot;,&quot;isLinked&quot;:true},&quot;element_pack_global_tooltip_border_radius_mobile_extra&quot;:{&quot;unit&quot;:&quot;px&quot;,&quot;top&quot;:&quot;&quot;,&quot;right&quot;:&quot;&quot;,&quot;bottom&quot;:&quot;&quot;,&quot;left&quot;:&quot;&quot;,&quot;isLinked&quot;:true},&quot;element_pack_global_tooltip_border_radius_mobile&quot;:{&quot;unit&quot;:&quot;px&quot;,&quot;top&quot;:&quot;&quot;,&quot;right&quot;:&quot;&quot;,&quot;bottom&quot;:&quot;&quot;,&quot;left&quot;:&quot;&quot;,&quot;isLinked&quot;:true}}\" data-elementor-post-type=\"page\">\n\t\t\t\t<div class=\"elementor-element elementor-element-049fed6 e-flex e-con-boxed e-con e-parent\" data-id=\"049fed6\" data-element_type=\"container\" data-e-type=\"container\">\n\t\t\t\t\t<div class=\"e-con-inner\">\n\t\t\t\t<div class=\"elementor-element elementor-element-081dc60 elementor-widget elementor-widget-text-editor\" data-id=\"081dc60\" data-element_type=\"widget\" data-e-type=\"widget\" data-widget_type=\"text-editor.default\">\n\t\t\t\t<div class=\"elementor-widget-container\">\n\t\t\t\t\t\t\t\t\t<h2 class=\"wsp-pages-title\"><span style=\"color: #333399;\">Pages<\/span><\/h2><ul class=\"wsp-pages-list\"><li><a href=\"https:\/\/travelplansmarrakech.com\/es\/\">Travel Agency in Marrakech<\/a><\/li><li class=\"page_item page-item-41\"><a href=\"https:\/\/travelplansmarrakech.com\/es\/about-us\/\">Sobre nosotros<\/a><\/li><li><a href=\"https:\/\/travelplansmarrakech.com\/es\/tours\/\">Tours<\/a><\/li><li><a href=\"https:\/\/travelplansmarrakech.com\/es\/tourist-transport-agency-marrakech\/\">Tourist Transport Agency Marrakech<\/a><\/li><li><a href=\"https:\/\/travelplansmarrakech.com\/es\/marrakech-excursions\/\">Excursi\u00f3n<\/a><\/li><li><a href=\"https:\/\/travelplansmarrakech.com\/es\/airport-transfers\/\">Traslados al aeropuerto<\/a><\/li><li><a href=\"https:\/\/travelplansmarrakech.com\/es\/influencers-brands\/\">Influencers &amp; Brands<\/a><\/li><li><a href=\"https:\/\/travelplansmarrakech.com\/es\/luxury-vehicles\/\">Veh\u00edculos de lujo<\/a><\/li><li><a href=\"https:\/\/travelplansmarrakech.com\/es\/blog\/\">Blog<\/a><\/li><li><a href=\"https:\/\/travelplansmarrakech.com\/es\/faqs-page\/\">FAQs Page<\/a><\/li><li><a href=\"https:\/\/travelplansmarrakech.com\/es\/contact-us\/\">Cont\u00e1ctanos<\/a><\/li><li><a href=\"https:\/\/travelplansmarrakech.com\/es\/plan-de-site\/\">Mapa del sitio<\/a><\/li><li><a href=\"https:\/\/travelplansmarrakech.com\/es\/privacy-policy\/\">Pol\u00edtica de Privacidad<\/a><\/li><li><a href=\"https:\/\/travelplansmarrakech.com\/es\/terms-and-conditions\/\">T\u00e9rminos y Condiciones<\/a><\/li><\/ul><h2 class=\"wsp-to_books-title\"><span style=\"color: #333399;\">voyages<\/span><\/h2><ul class=\"wsp-to_books-list\"><li><a href=\"https:\/\/travelplansmarrakech.com\/es\/voyage\/clase-de-cocina-marroqui\/\">Clase de cocina<\/a><\/li><li><a href=\"https:\/\/travelplansmarrakech.com\/es\/voyage\/globo-aerostatico-marrakech\/\">Globo aerost\u00e1tico<\/a><\/li><li><a href=\"https:\/\/travelplansmarrakech.com\/es\/voyage\/paseo-camello-privado-media-jornada-palmeral-marrakech\/\">Paseo privado en camello de medio d\u00eda en Marrakech<\/a><\/li><li><a href=\"https:\/\/travelplansmarrakech.com\/es\/voyage\/noche-romantica-desierto-agafay\/\">Noche rom\u00e1ntica en el desierto de Agafay<\/a><\/li><li><a href=\"https:\/\/travelplansmarrakech.com\/es\/voyage\/gran-viaje-4-dias-desierto-merzouga-desde-marrakech\/\">Viaje de 4 d\u00edas al Gran Sur al desierto de Merzouga desde Marrakech<\/a><\/li><li><a href=\"https:\/\/travelplansmarrakech.com\/es\/voyage\/gran-tour-9-dias-ciudades-imperiales-sur-marruecos\/\">GRAN TOUR DE 9 D\u00cdAS POR LAS CIUDADES IMPERIALES Y EL SUR DE MARRUECOS<\/a><\/li><li><a href=\"https:\/\/travelplansmarrakech.com\/es\/voyage\/media-jornada-paseo-quad-desierto-agafay\/\">Half Day Quad Experience In Agafay Desert<\/a><\/li><li><a href=\"https:\/\/travelplansmarrakech.com\/es\/voyage\/media-jornada-paseo-camello-desierto-agafay\/\">Paseo en camello de medio d\u00eda en el desierto de Agafay<\/a><\/li><li><a href=\"https:\/\/travelplansmarrakech.com\/es\/voyage\/dia-piscina-desierto-agafay\/\">Swimming pool Day Pass in Agafay Desert with lunch, quad biking and camel ride<\/a><\/li><li><a href=\"https:\/\/travelplansmarrakech.com\/es\/voyage\/gran-tour-9-dias-de-marrakech-a-chefchaouen\/\">GRAN VIAJE DE 9 D\u00cdAS DE MARRAKECH A CHEFCHAOUEN<\/a><\/li><li><a href=\"https:\/\/travelplansmarrakech.com\/es\/voyage\/excursion-privada-dia-cascadas-de-ouzoud\/\">Excursi\u00f3n privada de un d\u00eda a las cascadas de Ouzoud<\/a><\/li><li><a href=\"https:\/\/travelplansmarrakech.com\/es\/voyage\/chez-ali-fantasia-1001-noches-cena-espectaculo-marrakech\/\">Chez Ali Fantasia 1001 Noches: cena con espect\u00e1culo de Marrakech<\/a><\/li><li><a href=\"https:\/\/travelplansmarrakech.com\/es\/voyage\/safari-privado-media-jornada-en-quad-palmeral-marrakech\/\">Safari privado en quad de medio d\u00eda en la Palmeraie de Marrakech<\/a><\/li><li><a href=\"https:\/\/travelplansmarrakech.com\/es\/voyage\/tour-3-dias-desierto-erg-chegaga-desde-marrakech\/\">ESCAPADA DE 3 D\u00cdAS AL DESIERTO DE ERG CHEGAGA DESDE MARRAKECH<\/a><\/li><li><a href=\"https:\/\/travelplansmarrakech.com\/es\/voyage\/tour-10-dias-marruecos-multiples-bellezas\/\">10 d\u00edas explorando las m\u00faltiples bellezas de Marruecos<\/a><\/li><li><a href=\"https:\/\/travelplansmarrakech.com\/es\/voyage\/desierto-de-zagora\/\">Escapada sahariana de 5 d\u00edas por la Ruta de las Mil Kasbahs<\/a><\/li><li><a href=\"https:\/\/travelplansmarrakech.com\/es\/voyage\/tour-8-dias-ciudades-imperiales-desde-marrakech\/\">Circuito de 8 d\u00edas por las Ciudades Imperiales de Marruecos<\/a><\/li><li><a href=\"https:\/\/travelplansmarrakech.com\/es\/voyage\/tour-8-dias-paraiso-marroqui\/\">Tour Para\u00edso marroqu\u00ed de 8 d\u00edas<\/a><\/li><li><a href=\"https:\/\/travelplansmarrakech.com\/es\/voyage\/excursion-privada-dia-valle-de-ourika\/\">Excursi\u00f3n privada de un d\u00eda al valle de Ourika<\/a><\/li><li><a href=\"https:\/\/travelplansmarrakech.com\/es\/voyage\/tour-ciudad-marrakech-dia-completo-privado\/\">Marrakech Full Day Guided City Tour \u2013 Private Tour<\/a><\/li><li><a href=\"https:\/\/travelplansmarrakech.com\/es\/voyage\/excursion-privada-dia-essaouira\/\">Excursi\u00f3n privada de un d\u00eda a Essaouira<\/a><\/li><li><a href=\"https:\/\/travelplansmarrakech.com\/es\/voyage\/excursion-privada-dia-jardin-anima\/\">Private day trip to the \u201cIsland of the Blessed\u201d Andr\u00e9 hiller\u2019s Anima Garden<\/a><\/li><li><a href=\"https:\/\/travelplansmarrakech.com\/es\/voyage\/excursion-dia-kasbah-ait-ben-haddou\/\">Excursi\u00f3n de un d\u00eda a la kasbah de Ait Ben Haddou<\/a><\/li><li><a href=\"https:\/\/travelplansmarrakech.com\/es\/voyage\/excursion-privada-dia-3-valles\/\">Excursi\u00f3n privada de un d\u00eda a los 3 Valles<\/a><\/li><li><a href=\"https:\/\/travelplansmarrakech.com\/es\/voyage\/mejor-experiencia-senderismo-imlil\/\">Ouirgane &amp; roseraie valleys<\/a><\/li><li><a href=\"https:\/\/travelplansmarrakech.com\/es\/voyage\/desierto-de-merzouga\/\">Aventura de 3 d\u00edas de Marrakech a Merzouga en el desierto del S\u00e1hara<\/a><\/li><li><a href=\"https:\/\/travelplansmarrakech.com\/es\/voyage\/cena-romantica-paseo-camello-quad-desierto-agafay\/\">Cena rom\u00e1ntica con paseo en camello y quad en el desierto de Agafay<\/a><\/li><li><a href=\"https:\/\/travelplansmarrakech.com\/es\/voyage\/tour-2-dias-marrakech-zagora\/\">Tour privado de 2 d\u00edas al desierto de Zagora desde Marrakech<\/a><\/li><\/ul><h2 class=\"wsp-categoriess-title\"><span style=\"color: #333399;\">Booking Categories<\/span><\/h2><ul class=\"wsp-categoriess-list\"><li><a href=\"https:\/\/travelplansmarrakech.com\/es\/categories\/excursion\/\">Excursion<\/a><\/li><li><a href=\"https:\/\/travelplansmarrakech.com\/es\/categories\/tour\/\">Tour<\/a><\/li><\/ul><h2 class=\"wsp-ba_activitys-title\"><span style=\"color: #333399;\">Activity<\/span><\/h2><ul class=\"wsp-ba_activitys-list\"><li><a href=\"https:\/\/travelplansmarrakech.com\/es\/ba_activity\/camel-ride\/\">Paseo en camello<\/a><\/li><li><a href=\"https:\/\/travelplansmarrakech.com\/es\/ba_activity\/cooking-class\/\">Clase de cocina<\/a><\/li><li><a href=\"https:\/\/travelplansmarrakech.com\/es\/ba_activity\/day-pass\/\">Pase diario<\/a><\/li><li><a href=\"https:\/\/travelplansmarrakech.com\/es\/ba_activity\/excursion\/\">Excursion<\/a><\/li><li><a href=\"https:\/\/travelplansmarrakech.com\/es\/ba_activity\/hot-air\/\">Aire caliente<\/a><\/li><li><a href=\"https:\/\/travelplansmarrakech.com\/es\/ba_activity\/night-tours\/\">Night Tours<\/a><\/li><li><a href=\"https:\/\/travelplansmarrakech.com\/es\/ba_activity\/quad\/\">Quad<\/a><\/li><li><a href=\"https:\/\/travelplansmarrakech.com\/es\/ba_activity\/romantic-dinner\/\">Cena rom\u00e1ntica<\/a><\/li><li><a href=\"https:\/\/travelplansmarrakech.com\/es\/ba_activity\/tours\/\">Tours<\/a><\/li><\/ul><h2 class=\"wsp-ba_locationss-title\"><span style=\"color: #333399;\">Destination<\/span><\/h2><ul class=\"wsp-ba_locationss-list\"><li><a href=\"https:\/\/travelplansmarrakech.com\/es\/ba_locations\/agafay\/\">Agafay<\/a><\/li><li><a href=\"https:\/\/travelplansmarrakech.com\/es\/ba_locations\/atlas\/\">Atlas<\/a><\/li><li><a href=\"https:\/\/travelplansmarrakech.com\/es\/ba_locations\/desert\/\">Desierto<\/a><\/li><li><a href=\"https:\/\/travelplansmarrakech.com\/es\/ba_locations\/essaouira\/\">Essaouira<\/a><\/li><li><a href=\"https:\/\/travelplansmarrakech.com\/es\/ba_locations\/marrakech\/\">Marrakech<\/a><\/li><li><a href=\"https:\/\/travelplansmarrakech.com\/es\/ba_locations\/ouzoud\/\">Ouzoud<\/a><\/li><\/ul><h2 class=\"wsp-ba_excursions-title\"><span style=\"color: #333399;\">Excursion<\/span><\/h2><ul class=\"wsp-ba_excursions-list\"><li><a href=\"https:\/\/travelplansmarrakech.com\/es\/ba_excursion\/agafay\/\">agafay<\/a><\/li><li><a href=\"https:\/\/travelplansmarrakech.com\/es\/ba_excursion\/ouzoud\/\">ouzoud<\/a><\/li><\/ul><h2 class=\"wsp-pages-title\"><span style=\"color: #333399;\">LP<\/span><\/h2><ul class=\"wsp-pages-list\"><li><a href=\"https:\/\/travelplansmarrakech.com\/es\/reiseagentur-in-marrakesch\/\">Reiseagentur in Marrakesch<\/a><\/li><li><a href=\"https:\/\/travelplansmarrakech.com\/es\/agencia-de-viajes-en-marrakech\/\">Agencia de Viajes en Marrakech<\/a><\/li><li><a href=\"https:\/\/travelplansmarrakech.com\/es\/\u0648\u0643\u0627\u0644\u0629-\u0623\u0633\u0641\u0627\u0631-\u0645\u0631\u0627\u0643\u0634\/\">\u0648\u0643\u0627\u0644\u0629 \u0623\u0633\u0641\u0627\u0631 \u0645\u0631\u0627\u0643\u0634<\/a><\/li><li><a href=\"https:\/\/travelplansmarrakech.com\/es\/morocco-desert-tours-from-marrakech\/\">Morocco desert tours from Marrakech<\/a><\/li><li><a href=\"https:\/\/travelplansmarrakech.com\/es\/morocco-all-inclusive-holidays\/\">Morocco all inclusive holidays<\/a><\/li><\/ul>\t\t\t\t\t\t\t\t<\/div>\n\t\t\t\t<\/div>\n\t\t\t\t\t<\/div>\n\t\t\t\t<\/div>\n\t\t\t\t<\/div>","protected":false},"excerpt":{"rendered":"<p>Pages Travel Agency in Marrakech About Us Tours Tourist Transport Agency Marrakech Excursions Airport transfers Influencers &amp; Brands Luxury Vehicles Blog FAQs Page Contact Us Plan de site Privacy Policy Terms and Conditions voyages Cooking Class Hot Air Ballon Private Half Day Camel Ride in Marrakech Palmeraie Romantic Night In Agafay Desert 4-DAYS GREAT SOUTHERN [&hellip;]<\/p>","protected":false},"author":4,"featured_media":0,"parent":0,"menu_order":0,"comment_status":"closed","ping_status":"closed","template":"template-homepage.php","meta":{"footnotes":""},"class_list":["post-12820","page","type-page","status-publish","hentry"],"yoast_head":"<!-- This site is optimized with the Yoast SEO plugin v27.3 - https:\/\/yoast.com\/product\/yoast-seo-wordpress\/ -->\n<title>Plan de site - Travel Plans Marrakech<\/title>\n<meta name=\"description\" content=\"Plan de site\" \/>\n<meta name=\"robots\" content=\"index, follow, max-snippet:-1, max-image-preview:large, max-video-preview:-1\" \/>\n<link rel=\"canonical\" href=\"https:\/\/travelplansmarrakech.com\/es\/plan-de-site\/\" \/>\n<meta property=\"og:locale\" content=\"es_ES\" \/>\n<meta property=\"og:type\" content=\"article\" \/>\n<meta property=\"og:title\" content=\"Plan de site - Travel Plans Marrakech\" \/>\n<meta property=\"og:description\" content=\"Plan de site\" \/>\n<meta property=\"og:url\" content=\"https:\/\/travelplansmarrakech.com\/es\/plan-de-site\/\" \/>\n<meta property=\"og:site_name\" content=\"Travel Plans Marrakech\" \/>\n<meta property=\"article:modified_time\" content=\"2025-03-10T13:12:42+00:00\" \/>\n<meta name=\"twitter:card\" content=\"summary_large_image\" \/>\n<meta name=\"twitter:label1\" content=\"Tiempo de lectura\" \/>\n\t<meta name=\"twitter:data1\" content=\"2 minutos\" \/>\n<script type=\"application\/ld+json\" class=\"yoast-schema-graph\">{\"@context\":\"https:\\\/\\\/schema.org\",\"@graph\":[{\"@type\":\"WebPage\",\"@id\":\"https:\\\/\\\/travelplansmarrakech.com\\\/plan-de-site\\\/\",\"url\":\"https:\\\/\\\/travelplansmarrakech.com\\\/plan-de-site\\\/\",\"name\":\"Plan de site - Travel Plans Marrakech\",\"isPartOf\":{\"@id\":\"https:\\\/\\\/travelplansmarrakech.com\\\/#website\"},\"datePublished\":\"2024-11-13T11:20:59+00:00\",\"dateModified\":\"2025-03-10T13:12:42+00:00\",\"description\":\"Plan de site\",\"breadcrumb\":{\"@id\":\"https:\\\/\\\/travelplansmarrakech.com\\\/plan-de-site\\\/#breadcrumb\"},\"inLanguage\":\"es\",\"potentialAction\":[{\"@type\":\"ReadAction\",\"target\":[\"https:\\\/\\\/travelplansmarrakech.com\\\/plan-de-site\\\/\"]}]},{\"@type\":\"BreadcrumbList\",\"@id\":\"https:\\\/\\\/travelplansmarrakech.com\\\/plan-de-site\\\/#breadcrumb\",\"itemListElement\":[{\"@type\":\"ListItem\",\"position\":1,\"name\":\"Home\",\"item\":\"https:\\\/\\\/travelplansmarrakech.com\\\/\"},{\"@type\":\"ListItem\",\"position\":2,\"name\":\"Plan de site\"}]},{\"@type\":\"WebSite\",\"@id\":\"https:\\\/\\\/travelplansmarrakech.com\\\/#website\",\"url\":\"https:\\\/\\\/travelplansmarrakech.com\\\/\",\"name\":\"Travel Plans Marrakech\",\"description\":\"Travel Agency in Marrakech\",\"publisher\":{\"@id\":\"https:\\\/\\\/travelplansmarrakech.com\\\/#organization\"},\"potentialAction\":[{\"@type\":\"SearchAction\",\"target\":{\"@type\":\"EntryPoint\",\"urlTemplate\":\"https:\\\/\\\/travelplansmarrakech.com\\\/?s={search_term_string}\"},\"query-input\":{\"@type\":\"PropertyValueSpecification\",\"valueRequired\":true,\"valueName\":\"search_term_string\"}}],\"inLanguage\":\"es\"},{\"@type\":\"Organization\",\"@id\":\"https:\\\/\\\/travelplansmarrakech.com\\\/#organization\",\"name\":\"Travel Plans Marrakech\",\"url\":\"https:\\\/\\\/travelplansmarrakech.com\\\/\",\"logo\":{\"@type\":\"ImageObject\",\"inLanguage\":\"es\",\"@id\":\"https:\\\/\\\/travelplansmarrakech.com\\\/#\\\/schema\\\/logo\\\/image\\\/\",\"url\":\"https:\\\/\\\/travelplansmarrakech.com\\\/wp-content\\\/uploads\\\/2024\\\/10\\\/cropped-cropped-cropped-cropped-logo-1.png\",\"contentUrl\":\"https:\\\/\\\/travelplansmarrakech.com\\\/wp-content\\\/uploads\\\/2024\\\/10\\\/cropped-cropped-cropped-cropped-logo-1.png\",\"width\":100,\"height\":105,\"caption\":\"Travel Plans Marrakech\"},\"image\":{\"@id\":\"https:\\\/\\\/travelplansmarrakech.com\\\/#\\\/schema\\\/logo\\\/image\\\/\"}}]}<\/script>\n<!-- \/ Yoast SEO plugin. -->","yoast_head_json":{"title":"Plan de site - Travel Plans Marrakech","description":"Plan de site","robots":{"index":"index","follow":"follow","max-snippet":"max-snippet:-1","max-image-preview":"max-image-preview:large","max-video-preview":"max-video-preview:-1"},"canonical":"https:\/\/travelplansmarrakech.com\/es\/plan-de-site\/","og_locale":"es_ES","og_type":"article","og_title":"Plan de site - Travel Plans Marrakech","og_description":"Plan de site","og_url":"https:\/\/travelplansmarrakech.com\/es\/plan-de-site\/","og_site_name":"Travel Plans Marrakech","article_modified_time":"2025-03-10T13:12:42+00:00","twitter_card":"summary_large_image","twitter_misc":{"Tiempo de lectura":"2 minutos"},"schema":{"@context":"https:\/\/schema.org","@graph":[{"@type":"WebPage","@id":"https:\/\/travelplansmarrakech.com\/plan-de-site\/","url":"https:\/\/travelplansmarrakech.com\/plan-de-site\/","name":"Plan de site - Travel Plans Marrakech","isPartOf":{"@id":"https:\/\/travelplansmarrakech.com\/#website"},"datePublished":"2024-11-13T11:20:59+00:00","dateModified":"2025-03-10T13:12:42+00:00","description":"Plan de site","breadcrumb":{"@id":"https:\/\/travelplansmarrakech.com\/plan-de-site\/#breadcrumb"},"inLanguage":"es","potentialAction":[{"@type":"ReadAction","target":["https:\/\/travelplansmarrakech.com\/plan-de-site\/"]}]},{"@type":"BreadcrumbList","@id":"https:\/\/travelplansmarrakech.com\/plan-de-site\/#breadcrumb","itemListElement":[{"@type":"ListItem","position":1,"name":"Home","item":"https:\/\/travelplansmarrakech.com\/"},{"@type":"ListItem","position":2,"name":"Plan de site"}]},{"@type":"WebSite","@id":"https:\/\/travelplansmarrakech.com\/#website","url":"https:\/\/travelplansmarrakech.com\/","name":"Travel Plans Marrakech","description":"Travel Agency in Marrakech","publisher":{"@id":"https:\/\/travelplansmarrakech.com\/#organization"},"potentialAction":[{"@type":"SearchAction","target":{"@type":"EntryPoint","urlTemplate":"https:\/\/travelplansmarrakech.com\/?s={search_term_string}"},"query-input":{"@type":"PropertyValueSpecification","valueRequired":true,"valueName":"search_term_string"}}],"inLanguage":"es"},{"@type":"Organization","@id":"https:\/\/travelplansmarrakech.com\/#organization","name":"Travel Plans Marrakech","url":"https:\/\/travelplansmarrakech.com\/","logo":{"@type":"ImageObject","inLanguage":"es","@id":"https:\/\/travelplansmarrakech.com\/#\/schema\/logo\/image\/","url":"https:\/\/travelplansmarrakech.com\/wp-content\/uploads\/2024\/10\/cropped-cropped-cropped-cropped-logo-1.png","contentUrl":"https:\/\/travelplansmarrakech.com\/wp-content\/uploads\/2024\/10\/cropped-cropped-cropped-cropped-logo-1.png","width":100,"height":105,"caption":"Travel Plans Marrakech"},"image":{"@id":"https:\/\/travelplansmarrakech.com\/#\/schema\/logo\/image\/"}}]}},"_links":{"self":[{"href":"https:\/\/travelplansmarrakech.com\/es\/wp-json\/wp\/v2\/pages\/12820","targetHints":{"allow":["GET"]}}],"collection":[{"href":"https:\/\/travelplansmarrakech.com\/es\/wp-json\/wp\/v2\/pages"}],"about":[{"href":"https:\/\/travelplansmarrakech.com\/es\/wp-json\/wp\/v2\/types\/page"}],"author":[{"embeddable":true,"href":"https:\/\/travelplansmarrakech.com\/es\/wp-json\/wp\/v2\/users\/4"}],"replies":[{"embeddable":true,"href":"https:\/\/travelplansmarrakech.com\/es\/wp-json\/wp\/v2\/comments?post=12820"}],"version-history":[{"count":0,"href":"https:\/\/travelplansmarrakech.com\/es\/wp-json\/wp\/v2\/pages\/12820\/revisions"}],"wp:attachment":[{"href":"https:\/\/travelplansmarrakech.com\/es\/wp-json\/wp\/v2\/media?parent=12820"}],"curies":[{"name":"wp","href":"https:\/\/api.w.org\/{rel}","templated":true}]}}